{"id":2933,"date":"2024-03-28T13:04:25","date_gmt":"2024-03-28T11:04:25","guid":{"rendered":"https:\/\/rgb.cat\/booking\/joan-pau\/"},"modified":"2024-04-10T11:01:40","modified_gmt":"2024-04-10T09:01:40","slug":"joan-pau","status":"publish","type":"page","link":"https:\/\/rgb.cat\/en\/booking\/joan-pau\/","title":{"rendered":"Joan-Pau"},"content":{"rendered":"<p>[et_pb_section fb_built=&#8221;1&#8243; _builder_version=&#8221;4.24.2&#8243; _module_preset=&#8221;default&#8221; global_colors_info=&#8221;{}&#8221;][et_pb_row _builder_version=&#8221;4.24.2&#8243; _module_preset=&#8221;default&#8221; global_colors_info=&#8221;{}&#8221;][et_pb_column type=&#8221;4_4&#8243; _builder_version=&#8221;4.24.2&#8243; _module_preset=&#8221;default&#8221; global_colors_info=&#8221;{}&#8221;][et_pb_text _builder_version=&#8221;4.24.2&#8243; _module_preset=&#8221;default&#8221; hover_enabled=&#8221;0&#8243; global_colors_info=&#8221;{}&#8221; sticky_enabled=&#8221;0&#8243;]<\/p>\n<h1>Joan-Pau<\/h1>\n<p>[\/et_pb_text][\/et_pb_column][\/et_pb_row][\/et_pb_section][et_pb_section fb_built=&#8221;1&#8243; fullwidth=&#8221;on&#8221; _builder_version=&#8221;4.24.2&#8243; _module_preset=&#8221;default&#8221; global_colors_info=&#8221;{}&#8221;][et_pb_fullwidth_image src=&#8221;https:\/\/rgb.cat\/wp-content\/uploads\/2024\/03\/joan-pau-banner.jpg&#8221; title_text=&#8221;joan-pau-banner&#8221; _builder_version=&#8221;4.24.2&#8243; _module_preset=&#8221;default&#8221; hover_enabled=&#8221;0&#8243; global_colors_info=&#8221;{}&#8221; sticky_enabled=&#8221;0&#8243;][\/et_pb_fullwidth_image][\/et_pb_section][et_pb_section fb_built=&#8221;1&#8243; _builder_version=&#8221;4.24.2&#8243; _module_preset=&#8221;default&#8221; global_colors_info=&#8221;{}&#8221;][et_pb_row column_structure=&#8221;3_5,2_5&#8243; _builder_version=&#8221;4.24.2&#8243; _module_preset=&#8221;default&#8221; global_colors_info=&#8221;{}&#8221;][et_pb_column type=&#8221;3_5&#8243; _builder_version=&#8221;4.24.2&#8243; _module_preset=&#8221;default&#8221; global_colors_info=&#8221;{}&#8221;][et_pb_text _builder_version=&#8221;4.24.2&#8243; _module_preset=&#8221;default&#8221; hover_enabled=&#8221;0&#8243; global_colors_info=&#8221;{}&#8221; sticky_enabled=&#8221;0&#8243;]<\/p>\n<p align=\"justify\"><span>El pianista\u00a0Joan-Pau Chaves\u00a0presenta el projecte\u00a0<strong><em><a class=\"JsGRdQ\" draggable=\"false\" href=\"https:\/\/bfan.link\/cancons-de-fi-de-segle\" target=\"_blank\" rel=\"noopener noreferrer\">\u201cCan\u00e7ons de fi de segle\u201d<\/a><\/em><\/strong><span class=\"JsGRdQ\">\u00a0(RGB Suports, 2021). Una particular revisi\u00f3 en clau pian\u00edstica i de concepte minimalista, de la banda sonora popular del nostre pa\u00eds centrada en els darrers quinze anys del segle XX. El passat 21 de juny va publicar una nova adaptaci\u00f3 pian\u00edstica,\u00a0<\/span><strong><em><a class=\"JsGRdQ\" draggable=\"false\" href=\"https:\/\/bfan.link\/en-s-estiu\" target=\"_blank\" rel=\"noopener noreferrer\">&#8220;En s&#8217;estiu&#8221;<\/a><\/em><\/strong><span class=\"JsGRdQ\">\u00a0(RGB Suports, 2022)<\/span><span class=\"JsGRdQ\">.<\/span><\/span><\/p>\n<p align=\"justify\"><span>El concert \u00e9s un recorregut sensorial on la interpretaci\u00f3 musical s&#8217;acompanya de llums i imatges projectades, formant una posada en escena que revesteix el repertori atemporal i alhora contemporani. L&#8217;espectador reconeixer\u00e0 can\u00e7ons com ara:\u00a0<span class=\"JsGRdQ\">, &#8220;Boig per tu&#8221;, &#8220;El vol de l&#8217;home ocell&#8221;, &#8220;Bon dia&#8221;, &#8220;L&#8217;Empord\u00e0&#8221;<\/span><span class=\"JsGRdQ\">, entre altres.<\/span><\/span><\/p>\n<p align=\"justify\"><span>\u00c9s conegut per les seves aparicions a la Televisi\u00f3 de Catalunya i altres mitjans, per\u00f2 tamb\u00e9, per ser el teclista i director musical d&#8217;Els Pets. A m\u00e9s a m\u00e9s ha realitzat diversos treballs com a director musical, arranjador, productor i docent.<\/span><\/p>\n<p align=\"justify\"><span>Endinsa\u2019t en aquest viatge musical i deixa&#8217;t acariciar per les tecles del piano.<\/span><\/p>\n<p>[\/et_pb_text][\/et_pb_column][et_pb_column type=&#8221;2_5&#8243; _builder_version=&#8221;4.24.2&#8243; _module_preset=&#8221;default&#8221; global_colors_info=&#8221;{}&#8221;][et_pb_text _builder_version=&#8221;4.24.2&#8243; _module_preset=&#8221;default&#8221; hover_enabled=&#8221;0&#8243; sticky_enabled=&#8221;0&#8243;]<\/p>\n<h2><a href=\"https:\/\/www.joan-pau.com\/ag\/\">joan-pau.com<\/a><\/h2>\n<p>[\/et_pb_text][et_pb_social_media_follow _builder_version=&#8221;4.24.2&#8243; _module_preset=&#8221;default&#8221; hover_enabled=&#8221;0&#8243; global_colors_info=&#8221;{}&#8221; sticky_enabled=&#8221;0&#8243;][et_pb_social_media_follow_network social_network=&#8221;instagram&#8221; background_color=&#8221;#ea2c59&#8243; _builder_version=&#8221;4.24.2&#8243; _module_preset=&#8221;default&#8221; follow_button=&#8221;off&#8221; url_new_window=&#8221;on&#8221; hover_enabled=&#8221;0&#8243; sticky_enabled=&#8221;0&#8243; url=&#8221;https:\/\/www.instagram.com\/joan.pau.chaves\/&#8221;]instagram[\/et_pb_social_media_follow_network][et_pb_social_media_follow_network social_network=&#8221;facebook&#8221; url=&#8221;https:\/\/www.facebook.com\/JoanPauPaginaOficial&#8221; _builder_version=&#8221;4.24.2&#8243; _module_preset=&#8221;default&#8221; background_color=&#8221;#3b5998&#8243; hover_enabled=&#8221;0&#8243; global_colors_info=&#8221;{}&#8221; follow_button=&#8221;off&#8221; url_new_window=&#8221;on&#8221; sticky_enabled=&#8221;0&#8243;]facebook[\/et_pb_social_media_follow_network][et_pb_social_media_follow_network social_network=&#8221;twitter&#8221; url=&#8221;https:\/\/x.com\/joanpauchaves&#8221; _builder_version=&#8221;4.24.2&#8243; _module_preset=&#8221;default&#8221; background_color=&#8221;#000000&#8243; hover_enabled=&#8221;0&#8243; global_colors_info=&#8221;{}&#8221; follow_button=&#8221;off&#8221; url_new_window=&#8221;on&#8221; sticky_enabled=&#8221;0&#8243;]twitter[\/et_pb_social_media_follow_network][et_pb_social_media_follow_network social_network=&#8221;spotify&#8221; background_color=&#8221;#1db954&#8243; _builder_version=&#8221;4.24.2&#8243; _module_preset=&#8221;default&#8221; follow_button=&#8221;off&#8221; url_new_window=&#8221;on&#8221; hover_enabled=&#8221;0&#8243; sticky_enabled=&#8221;0&#8243; url=&#8221;https:\/\/open.spotify.com\/artist\/1vhPisBnq4ky9C1O5gHjCM?si=GEqS51jdR0CKXmVx5ggk6g&#8221;]spotify[\/et_pb_social_media_follow_network][\/et_pb_social_media_follow][decm_event_display event_selection=&#8221;custom_event&#8221; included_categories=&#8221;216&#8243; show_feature_image=&#8221;off&#8221; shorten_multidate=&#8221;off&#8221; show_end_date=&#8221;off&#8221; show_time=&#8221;off&#8221; show_venue=&#8221;off&#8221; show_name=&#8221;off&#8221; show_price=&#8221;off&#8221; show_category=&#8221;off&#8221; hide_comma_cat=&#8221;off&#8221; show_tag=&#8221;off&#8221; hide_comma_tag=&#8221;off&#8221; website_detail_label=&#8221;Entrades&#8221; show_detail=&#8221;off&#8221; show_icon_label=&#8221;none&#8221; layout=&#8221;list&#8221; list_layout=&#8221;rightimage_leftdetail&#8221; show_event_month_heading=&#8221;off&#8221; single_event_page_link=&#8221;disable_link&#8221; disable_event_title_link=&#8221;on&#8221; disable_event_image_link=&#8221;on&#8221; disable_event_button_link=&#8221;on&#8221; website_link=&#8221;custom_text&#8221; custom_website_link_text=&#8221;Entrades&#8221; module_class=&#8221;concerts-llista-individual&#8221; _builder_version=&#8221;4.24.2&#8243; _module_preset=&#8221;default&#8221; hover_enabled=&#8221;0&#8243; global_colors_info=&#8221;{}&#8221; sticky_enabled=&#8221;0&#8243;][\/decm_event_display][\/et_pb_column][\/et_pb_row][\/et_pb_section][et_pb_section fb_built=&#8221;1&#8243; _builder_version=&#8221;4.24.2&#8243; _module_preset=&#8221;default&#8221; background_color=&#8221;#000000&#8243; global_colors_info=&#8221;{}&#8221;][et_pb_row _builder_version=&#8221;4.24.2&#8243; _module_preset=&#8221;default&#8221; global_colors_info=&#8221;{}&#8221;][et_pb_column type=&#8221;4_4&#8243; _builder_version=&#8221;4.24.2&#8243; _module_preset=&#8221;default&#8221; global_colors_info=&#8221;{}&#8221;][et_pb_video src=&#8221;https:\/\/youtu.be\/hU4jrY8GSSo&#8221; _builder_version=&#8221;4.24.2&#8243; _module_preset=&#8221;default&#8221; hover_enabled=&#8221;0&#8243; sticky_enabled=&#8221;0&#8243;][\/et_pb_video][\/et_pb_column][\/et_pb_row][\/et_pb_section][et_pb_section fb_built=&#8221;1&#8243; module_class=&#8221;franja-artistes-destacats&#8221; _builder_version=&#8221;4.24.2&#8243; _module_preset=&#8221;default&#8221; background_color=&#8221;#910000&#8243; global_module=&#8221;2375&#8243; saved_tabs=&#8221;all&#8221; global_colors_info=&#8221;{}&#8221;][et_pb_row _builder_version=&#8221;4.24.2&#8243; _module_preset=&#8221;default&#8221; global_colors_info=&#8221;{}&#8221;][et_pb_column type=&#8221;4_4&#8243; _builder_version=&#8221;4.24.2&#8243; _module_preset=&#8221;default&#8221; global_colors_info=&#8221;{}&#8221;][et_pb_text _builder_version=&#8221;4.24.2&#8243; _module_preset=&#8221;default&#8221; header_2_text_color=&#8221;#FFFFFF&#8221; global_colors_info=&#8221;{}&#8221;]<\/p>\n<h2>Artists Booking<\/h2>\n<div id=\"post-grid-lazy-2377\" class=\"post-grid-lazy\"><img decoding=\"async\"\n    alt=\"\" src=\"\" \/><\/div>\n<script>\njQuery('#post-grid-lazy-2377').ready(function($) {\n  $('#post-grid-lazy-2377').fadeOut();\n  $('#post-grid-2377   ').fadeIn();\n})\n<\/script>\n<style type=\"text\/css\">\n#post-grid-2377 {\n  display: none;\n}\n\n.post-grid-lazy {\n  text-align: center;\n}\n<\/style>\n<div data-options='{&quot;id&quot;:&quot;2377&quot;,&quot;lazy_load&quot;:&quot;yes&quot;,&quot;masonry_enable&quot;:&quot;no&quot;,&quot;view_type&quot;:&quot;tiles&quot;}'\n  id=\"post-grid-2377\" class=\"post-grid tiles\">\n  <div class=\"grid-items\">\n  <div class=\"item item-2963 skin flat even 0 \">\n    <div class=\"layer-wrapper layout-2058\">\n    <a class=\" element_1711021230574\"\n  id=\"\" href=\"https:\/\/rgb.cat\/en\/booking\/raydibaum\/\">\n\n\n  <div class=\"element element_1711021243172  thumb \">\n    <img decoding=\"async\" alt=\"\" src=\"https:\/\/rgb.cat\/wp-content\/uploads\/2025\/01\/card_santi2025.png\">\n  \n\n<\/div>\n<div class=\"element element_1711021248405  title \">\n    <a target=\"_blank\"\n    href=\"https:\/\/rgb.cat\/en\/booking\/raydibaum\/\">Raydibaum<\/a>\n\n  \n\n<\/div>\n<\/a>\n  <\/div>\n<\/div><div class=\"item item-2927 skin flat odd 1 \">\n    <div class=\"layer-wrapper layout-2058\">\n    <a class=\" element_1711021230574\"\n  id=\"\" href=\"https:\/\/rgb.cat\/en\/booking\/gnaposs\/\">\n\n\n  <div class=\"element element_1711021243172  thumb \">\n    <img decoding=\"async\" alt=\"\" src=\"https:\/\/rgb.cat\/wp-content\/uploads\/2024\/03\/GNAPOSScard.png\">\n  \n\n<\/div>\n<div class=\"element element_1711021248405  title \">\n    <a target=\"_blank\"\n    href=\"https:\/\/rgb.cat\/en\/booking\/gnaposs\/\">Gnaposs<\/a>\n\n  \n\n<\/div>\n<\/a>\n  <\/div>\n<\/div><div class=\"item item-2930 skin flat even 2 \">\n    <div class=\"layer-wrapper layout-2058\">\n    <a class=\" element_1711021230574\"\n  id=\"\" href=\"https:\/\/rgb.cat\/en\/booking\/ivette-nadal\/\">\n\n\n  <div class=\"element element_1711021243172  thumb \">\n    <img decoding=\"async\" alt=\"\" src=\"https:\/\/rgb.cat\/wp-content\/uploads\/2024\/03\/ivettenadal_card.png\">\n  \n\n<\/div>\n<div class=\"element element_1711021248405  title \">\n    <a target=\"_blank\"\n    href=\"https:\/\/rgb.cat\/en\/booking\/ivette-nadal\/\">Ivette Nadal<\/a>\n\n  \n\n<\/div>\n<\/a>\n  <\/div>\n<\/div><div class=\"item item-2933 skin flat odd 3 \">\n    <div class=\"layer-wrapper layout-2058\">\n    <a class=\" element_1711021230574\"\n  id=\"\" href=\"https:\/\/rgb.cat\/en\/booking\/joan-pau\/\">\n\n\n  <div class=\"element element_1711021243172  thumb \">\n    <img decoding=\"async\" alt=\"\" src=\"https:\/\/rgb.cat\/wp-content\/uploads\/2024\/03\/joan-pau-card.jpg\">\n  \n\n<\/div>\n<div class=\"element element_1711021248405  title \">\n    <a target=\"_blank\"\n    href=\"https:\/\/rgb.cat\/en\/booking\/joan-pau\/\">Joan-Pau<\/a>\n\n  \n\n<\/div>\n<\/a>\n  <\/div>\n<\/div><div class=\"item item-2942 skin flat even 4 \">\n    <div class=\"layer-wrapper layout-2058\">\n    <a class=\" element_1711021230574\"\n  id=\"\" href=\"https:\/\/rgb.cat\/en\/booking\/natxo-tarres-the-wireless\/\">\n\n\n  <div class=\"element element_1711021243172  thumb \">\n    <img decoding=\"async\" alt=\"\" src=\"https:\/\/rgb.cat\/wp-content\/uploads\/2024\/03\/NTWcard.jpg\">\n  \n\n<\/div>\n<div class=\"element element_1711021248405  title \">\n    <a target=\"_blank\"\n    href=\"https:\/\/rgb.cat\/en\/booking\/natxo-tarres-the-wireless\/\">Natxo Tarr\u00e9s &amp; The Wireless<\/a>\n\n  \n\n<\/div>\n<\/a>\n  <\/div>\n<\/div><div class=\"item item-2960 skin flat odd 5 \">\n    <div class=\"layer-wrapper layout-2058\">\n    <a class=\" element_1711021230574\"\n  id=\"\" href=\"https:\/\/rgb.cat\/en\/booking\/pemi-rovirosa\/\">\n\n\n  <div class=\"element element_1711021243172  thumb \">\n    <img decoding=\"async\" alt=\"\" src=\"https:\/\/rgb.cat\/wp-content\/uploads\/2024\/03\/premirovirosa-banda-card.jpg\">\n  \n\n<\/div>\n<div class=\"element element_1711021248405  title \">\n    <a target=\"_blank\"\n    href=\"https:\/\/rgb.cat\/en\/booking\/pemi-rovirosa\/\">Pemi Rovirosa<\/a>\n\n  \n\n<\/div>\n<\/a>\n  <\/div>\n<\/div><div class=\"item item-2690 skin flat even 6 \">\n    <div class=\"layer-wrapper layout-2058\">\n    <a class=\" element_1711021230574\"\n  id=\"\" href=\"https:\/\/rgb.cat\/en\/booking\/coloma-bertran\/\">\n\n\n  <div class=\"element element_1711021243172  thumb \">\n    <img decoding=\"async\" alt=\"\" src=\"https:\/\/rgb.cat\/wp-content\/uploads\/2024\/03\/ColomaBertran_card23.png\">\n  \n\n<\/div>\n<div class=\"element element_1711021248405  title \">\n    <a target=\"_blank\"\n    href=\"https:\/\/rgb.cat\/en\/booking\/coloma-bertran\/\">Coloma Bertran<\/a>\n\n  \n\n<\/div>\n<\/a>\n  <\/div>\n<\/div><div class=\"item item-2957 skin flat odd 7 \">\n    <div class=\"layer-wrapper layout-2058\">\n    <a class=\" element_1711021230574\"\n  id=\"\" href=\"https:\/\/rgb.cat\/en\/booking\/pau-alabajos\/\">\n\n\n  <div class=\"element element_1711021243172  thumb \">\n    <img decoding=\"async\" alt=\"\" src=\"https:\/\/rgb.cat\/wp-content\/uploads\/2024\/03\/Pau_Alabajos_card_2023_v1.png\">\n  \n\n<\/div>\n<div class=\"element element_1711021248405  title \">\n    <a target=\"_blank\"\n    href=\"https:\/\/rgb.cat\/en\/booking\/pau-alabajos\/\">Pau Alabajos<\/a>\n\n  \n\n<\/div>\n<\/a>\n  <\/div>\n<\/div><div class=\"item item-2936 skin flat even 8 \">\n    <div class=\"layer-wrapper layout-2058\">\n    <a class=\" element_1711021230574\"\n  id=\"\" href=\"https:\/\/rgb.cat\/en\/booking\/juriol\/\">\n\n\n  <div class=\"element element_1711021243172  thumb \">\n    <img decoding=\"async\" alt=\"\" src=\"https:\/\/rgb.cat\/wp-content\/uploads\/2024\/03\/juriol_card.png\">\n  \n\n<\/div>\n<div class=\"element element_1711021248405  title \">\n    <a target=\"_blank\"\n    href=\"https:\/\/rgb.cat\/en\/booking\/juriol\/\">Juriol<\/a>\n\n  \n\n<\/div>\n<\/a>\n  <\/div>\n<\/div><div class=\"item item-2945 skin flat odd 9 \">\n    <div class=\"layer-wrapper layout-2058\">\n    <a class=\" element_1711021230574\"\n  id=\"\" href=\"https:\/\/rgb.cat\/en\/booking\/neus-mar\/\">\n\n\n  <div class=\"element element_1711021243172  thumb \">\n    <img decoding=\"async\" alt=\"\" src=\"https:\/\/rgb.cat\/wp-content\/uploads\/2024\/03\/LLACHcard.jpg\">\n  \n\n<\/div>\n<div class=\"element element_1711021248405  title \">\n    <a target=\"_blank\"\n    href=\"https:\/\/rgb.cat\/en\/booking\/neus-mar\/\">Neus Mar<\/a>\n\n  \n\n<\/div>\n<\/a>\n  <\/div>\n<\/div><\/div>\n<style type=\"text\/css\">\n.layout-2058 .element_1711021243172 {\n  overflow: hidden;\n  }\n\n.layout-2058 .element_1711021243172 img {\n  max-width: 100%;\n  height: auto;\n}\n\n@media only screen and (min-width: 1024px) {\n  .layout-2058 .element_1711021243172 {\n      }\n}\n\n@media only screen and (min-width: 768px) and (max-width: 1023px) {\n  .layout-2058 .element_1711021243172 {\n      }\n}\n\n@media only screen and (min-width: 0px) and (max-width: 767px) {\n  .layout-2058 .element_1711021243172 {\n      }\n}\n<\/style>\n<style type=\"text\/css\">\n.layout-2058 .element_1711021248405 {\n  color: #ffffff;\n  font-size: 24px;\n  text-align: center;\n  }\n\n.layout-2058 .element_1711021248405 a {\n  color: #ffffff;\n  font-size: 24px;\n  text-align: center;\n  }\n<\/style>\n\n\n\n\n<script>\n<\/script>\n<style type=\"text\/css\">\n#post-grid-2377 {\n  overflow: hidden;\n  box-sizing: border-box;\n  }\n\n.post-grid .layer-wrapper {\n  position: relative;\n  overflow: hidden;\n}\n\n.post-grid .layer-wrapper:before {\n  padding-top: 100% !important;\n  content: \"\";\n  box-sizing: inherit;\n  display: block;\n  overflow: hidden;\n}\n\n.layer-media {\n  overflow: hidden;\n  position: absolute;\n  top: 0;\n  left: 0;\n  width: 100% !important;\n  height: 100% !important;\n}\n\n.element-media,\n.thumb,\n.thumb_link {\n  width: 100% !important;\n  height: 100% !important;\n}\n\n.post-grid .layer-wrapper img {\n  width: 100% !important;\n  height: 100% !important;\n  object-fit: cover;\n}\n\n#post-grid-2377 .grid-items {\n  box-sizing: border-box;\n  display: flex;\n  flex-wrap: wrap;\n}\n\n#post-grid-2377 .item {\n  padding: 20px;\n}\n\n#post-grid-2377 .layer-wrapper {\n  background: #fff;\n  }\n\n#post-grid-2377 .item .layer-media {\n  overflow: hidden;\n\n  height:auto;}\n\n@media only screen and (min-width: 0px) and (max-width: 767px) {\n  #post-grid-2377 .item {\n    width: calc((100% - 0px) \/ 1);\n    flex: 0 0 100%;\n    max-width: 100%;\n\n    height:auto;  }\n}\n\n@media only screen and (min-width: 768px) and (max-width: 1023px) {\n  #post-grid-2377 .item {\n    width: calc((100% - 20px) \/ 2);\n    flex: 0 0 50%;\n    max-width: 50%;\n\n    max-height:auto;  }\n}\n\n@media only screen and (min-width: 1024px) {\n  #post-grid-2377 .item {\n    width: calc((100% - 60px) \/ 4);\n    flex: 0 0 25%;\n    max-width: 25%;\n\n    height:auto;  }\n}\n<\/style>\n<\/div>\n\n<p>[\/et_pb_text][\/et_pb_column][\/et_pb_row][\/et_pb_section]<\/p>\n","protected":false},"excerpt":{"rendered":"<p>Neus Mar&#8221;DONES DE SAL&#8221; La m\u00fasica mediterr\u00e0nia i la dansa contempor\u00e0nia protagonitzen Dones de Sal, un espectacle emocionant que neix per donar visibilitat a les dones del m\u00f3n del mar. [&hellip;]<\/p>\n","protected":false},"author":1,"featured_media":2315,"parent":2663,"menu_order":2,"comment_status":"closed","ping_status":"closed","template":"","meta":{"pgc_meta":"","_et_pb_use_builder":"on","_et_pb_old_content":"","_et_gb_content_width":"","footnotes":""},"categories":[6,224],"tags":[],"class_list":["post-2933","page","type-page","status-publish","has-post-thumbnail","hentry","category-artists","category-artists-booking"],"pgc_meta":"","yoast_head":"<!-- This site is optimized with the Yoast SEO plugin v25.3.1 - https:\/\/yoast.com\/wordpress\/plugins\/seo\/ -->\n<title>Joan-Pau - RGB<\/title>\n<meta name=\"robots\" content=\"index, follow, max-snippet:-1, max-image-preview:large, max-video-preview:-1\" \/>\n<link rel=\"canonical\" href=\"https:\/\/rgb.cat\/booking\/joan-pau\/\" \/>\n<meta property=\"og:locale\" content=\"en_GB\" \/>\n<meta property=\"og:type\" content=\"article\" \/>\n<meta property=\"og:title\" content=\"Joan-Pau - RGB\" \/>\n<meta property=\"og:description\" content=\"Neus Mar&quot;DONES DE SAL&quot; La m\u00fasica mediterr\u00e0nia i la dansa contempor\u00e0nia protagonitzen Dones de Sal, un espectacle emocionant que neix per donar visibilitat a les dones del m\u00f3n del mar. [&hellip;]\" \/>\n<meta property=\"og:url\" content=\"https:\/\/rgb.cat\/booking\/joan-pau\/\" \/>\n<meta property=\"og:site_name\" content=\"RGB\" \/>\n<meta property=\"article:modified_time\" content=\"2024-04-10T09:01:40+00:00\" \/>\n<meta property=\"og:image\" content=\"https:\/\/rgb.cat\/wp-content\/uploads\/2024\/03\/joan-pau-card.jpg\" \/>\n\t<meta property=\"og:image:width\" content=\"270\" \/>\n\t<meta property=\"og:image:height\" content=\"270\" \/>\n\t<meta property=\"og:image:type\" content=\"image\/jpeg\" \/>\n<meta name=\"twitter:card\" content=\"summary_large_image\" \/>\n<meta name=\"twitter:label1\" content=\"Est. reading time\" \/>\n\t<meta name=\"twitter:data1\" content=\"4 minutes\" \/>\n<script type=\"application\/ld+json\" class=\"yoast-schema-graph\">{\"@context\":\"https:\/\/schema.org\",\"@graph\":[{\"@type\":\"WebPage\",\"@id\":\"https:\/\/rgb.cat\/booking\/joan-pau\/\",\"url\":\"https:\/\/rgb.cat\/booking\/joan-pau\/\",\"name\":\"Joan-Pau - RGB\",\"isPartOf\":{\"@id\":\"https:\/\/rgb.cat\/#website\"},\"primaryImageOfPage\":{\"@id\":\"https:\/\/rgb.cat\/booking\/joan-pau\/#primaryimage\"},\"image\":{\"@id\":\"https:\/\/rgb.cat\/booking\/joan-pau\/#primaryimage\"},\"thumbnailUrl\":\"https:\/\/rgb.cat\/wp-content\/uploads\/2024\/03\/joan-pau-card.jpg\",\"datePublished\":\"2024-03-28T11:04:25+00:00\",\"dateModified\":\"2024-04-10T09:01:40+00:00\",\"breadcrumb\":{\"@id\":\"https:\/\/rgb.cat\/booking\/joan-pau\/#breadcrumb\"},\"inLanguage\":\"en-GB\",\"potentialAction\":[{\"@type\":\"ReadAction\",\"target\":[\"https:\/\/rgb.cat\/booking\/joan-pau\/\"]}]},{\"@type\":\"ImageObject\",\"inLanguage\":\"en-GB\",\"@id\":\"https:\/\/rgb.cat\/booking\/joan-pau\/#primaryimage\",\"url\":\"https:\/\/rgb.cat\/wp-content\/uploads\/2024\/03\/joan-pau-card.jpg\",\"contentUrl\":\"https:\/\/rgb.cat\/wp-content\/uploads\/2024\/03\/joan-pau-card.jpg\",\"width\":270,\"height\":270},{\"@type\":\"BreadcrumbList\",\"@id\":\"https:\/\/rgb.cat\/booking\/joan-pau\/#breadcrumb\",\"itemListElement\":[{\"@type\":\"ListItem\",\"position\":1,\"name\":\"Inici\",\"item\":\"https:\/\/rgb.cat\/\"},{\"@type\":\"ListItem\",\"position\":2,\"name\":\"Booking\",\"item\":\"https:\/\/rgb.cat\/booking\/\"},{\"@type\":\"ListItem\",\"position\":3,\"name\":\"Joan-Pau\"}]},{\"@type\":\"WebSite\",\"@id\":\"https:\/\/rgb.cat\/#website\",\"url\":\"https:\/\/rgb.cat\/\",\"name\":\"RGB\",\"description\":\"RGB M\u00fasic, S.L.\",\"potentialAction\":[{\"@type\":\"SearchAction\",\"target\":{\"@type\":\"EntryPoint\",\"urlTemplate\":\"https:\/\/rgb.cat\/?s={search_term_string}\"},\"query-input\":{\"@type\":\"PropertyValueSpecification\",\"valueRequired\":true,\"valueName\":\"search_term_string\"}}],\"inLanguage\":\"en-GB\"}]}<\/script>\n<!-- \/ Yoast SEO plugin. -->","yoast_head_json":{"title":"Joan-Pau - RGB","robots":{"index":"index","follow":"follow","max-snippet":"max-snippet:-1","max-image-preview":"max-image-preview:large","max-video-preview":"max-video-preview:-1"},"canonical":"https:\/\/rgb.cat\/booking\/joan-pau\/","og_locale":"en_GB","og_type":"article","og_title":"Joan-Pau - RGB","og_description":"Neus Mar\"DONES DE SAL\" La m\u00fasica mediterr\u00e0nia i la dansa contempor\u00e0nia protagonitzen Dones de Sal, un espectacle emocionant que neix per donar visibilitat a les dones del m\u00f3n del mar. [&hellip;]","og_url":"https:\/\/rgb.cat\/booking\/joan-pau\/","og_site_name":"RGB","article_modified_time":"2024-04-10T09:01:40+00:00","og_image":[{"width":270,"height":270,"url":"https:\/\/rgb.cat\/wp-content\/uploads\/2024\/03\/joan-pau-card.jpg","type":"image\/jpeg"}],"twitter_card":"summary_large_image","twitter_misc":{"Est. reading time":"4 minutes"},"schema":{"@context":"https:\/\/schema.org","@graph":[{"@type":"WebPage","@id":"https:\/\/rgb.cat\/booking\/joan-pau\/","url":"https:\/\/rgb.cat\/booking\/joan-pau\/","name":"Joan-Pau - RGB","isPartOf":{"@id":"https:\/\/rgb.cat\/#website"},"primaryImageOfPage":{"@id":"https:\/\/rgb.cat\/booking\/joan-pau\/#primaryimage"},"image":{"@id":"https:\/\/rgb.cat\/booking\/joan-pau\/#primaryimage"},"thumbnailUrl":"https:\/\/rgb.cat\/wp-content\/uploads\/2024\/03\/joan-pau-card.jpg","datePublished":"2024-03-28T11:04:25+00:00","dateModified":"2024-04-10T09:01:40+00:00","breadcrumb":{"@id":"https:\/\/rgb.cat\/booking\/joan-pau\/#breadcrumb"},"inLanguage":"en-GB","potentialAction":[{"@type":"ReadAction","target":["https:\/\/rgb.cat\/booking\/joan-pau\/"]}]},{"@type":"ImageObject","inLanguage":"en-GB","@id":"https:\/\/rgb.cat\/booking\/joan-pau\/#primaryimage","url":"https:\/\/rgb.cat\/wp-content\/uploads\/2024\/03\/joan-pau-card.jpg","contentUrl":"https:\/\/rgb.cat\/wp-content\/uploads\/2024\/03\/joan-pau-card.jpg","width":270,"height":270},{"@type":"BreadcrumbList","@id":"https:\/\/rgb.cat\/booking\/joan-pau\/#breadcrumb","itemListElement":[{"@type":"ListItem","position":1,"name":"Inici","item":"https:\/\/rgb.cat\/"},{"@type":"ListItem","position":2,"name":"Booking","item":"https:\/\/rgb.cat\/booking\/"},{"@type":"ListItem","position":3,"name":"Joan-Pau"}]},{"@type":"WebSite","@id":"https:\/\/rgb.cat\/#website","url":"https:\/\/rgb.cat\/","name":"RGB","description":"RGB M\u00fasic, S.L.","potentialAction":[{"@type":"SearchAction","target":{"@type":"EntryPoint","urlTemplate":"https:\/\/rgb.cat\/?s={search_term_string}"},"query-input":{"@type":"PropertyValueSpecification","valueRequired":true,"valueName":"search_term_string"}}],"inLanguage":"en-GB"}]}},"_links":{"self":[{"href":"https:\/\/rgb.cat\/en\/wp-json\/wp\/v2\/pages\/2933","targetHints":{"allow":["GET"]}}],"collection":[{"href":"https:\/\/rgb.cat\/en\/wp-json\/wp\/v2\/pages"}],"about":[{"href":"https:\/\/rgb.cat\/en\/wp-json\/wp\/v2\/types\/page"}],"author":[{"embeddable":true,"href":"https:\/\/rgb.cat\/en\/wp-json\/wp\/v2\/users\/1"}],"replies":[{"embeddable":true,"href":"https:\/\/rgb.cat\/en\/wp-json\/wp\/v2\/comments?post=2933"}],"version-history":[{"count":4,"href":"https:\/\/rgb.cat\/en\/wp-json\/wp\/v2\/pages\/2933\/revisions"}],"predecessor-version":[{"id":3204,"href":"https:\/\/rgb.cat\/en\/wp-json\/wp\/v2\/pages\/2933\/revisions\/3204"}],"up":[{"embeddable":true,"href":"https:\/\/rgb.cat\/en\/wp-json\/wp\/v2\/pages\/2663"}],"wp:featuredmedia":[{"embeddable":true,"href":"https:\/\/rgb.cat\/en\/wp-json\/wp\/v2\/media\/2315"}],"wp:attachment":[{"href":"https:\/\/rgb.cat\/en\/wp-json\/wp\/v2\/media?parent=2933"}],"wp:term":[{"taxonomy":"category","embeddable":true,"href":"https:\/\/rgb.cat\/en\/wp-json\/wp\/v2\/categories?post=2933"},{"taxonomy":"post_tag","embeddable":true,"href":"https:\/\/rgb.cat\/en\/wp-json\/wp\/v2\/tags?post=2933"}],"curies":[{"name":"wp","href":"https:\/\/api.w.org\/{rel}","templated":true}]}}