{"id":4076,"date":"2024-06-18T11:00:00","date_gmt":"2024-06-18T09:00:00","guid":{"rendered":"https:\/\/rgb.cat\/produccions\/fim-cadaques\/"},"modified":"2025-06-04T09:56:03","modified_gmt":"2025-06-04T07:56:03","slug":"fim-cambrils","status":"publish","type":"page","link":"https:\/\/rgb.cat\/en\/produccions\/fim-cambrils\/","title":{"rendered":"FIM Cambrils"},"content":{"rendered":"<p>[et_pb_section fb_built=&#8221;1&#8243; _builder_version=&#8221;4.24.2&#8243; _module_preset=&#8221;default&#8221; global_colors_info=&#8221;{}&#8221;][et_pb_row _builder_version=&#8221;4.24.2&#8243; _module_preset=&#8221;default&#8221; global_colors_info=&#8221;{}&#8221;][et_pb_column type=&#8221;4_4&#8243; _builder_version=&#8221;4.24.2&#8243; _module_preset=&#8221;default&#8221; global_colors_info=&#8221;{}&#8221;][et_pb_text _builder_version=&#8221;4.24.2&#8243; _module_preset=&#8221;default&#8221; global_colors_info=&#8221;{}&#8221;]<\/p>\n<h1>Festival Internacional de M\u00fasica de Cambrils<\/h1>\n<p>[\/et_pb_text][\/et_pb_column][\/et_pb_row][\/et_pb_section][et_pb_section fb_built=&#8221;1&#8243; fullwidth=&#8221;on&#8221; _builder_version=&#8221;4.24.2&#8243; _module_preset=&#8221;default&#8221; global_colors_info=&#8221;{}&#8221;][et_pb_fullwidth_image src=&#8221;https:\/\/rgb.cat\/wp-content\/uploads\/2025\/06\/Banner_fim_cambrils_2.png&#8221; title_text=&#8221;Banner_fim_cambrils_2&#8243; _builder_version=&#8221;4.25.1&#8243; _module_preset=&#8221;default&#8221; hover_enabled=&#8221;0&#8243; global_colors_info=&#8221;{}&#8221; sticky_enabled=&#8221;0&#8243;][\/et_pb_fullwidth_image][\/et_pb_section][et_pb_section fb_built=&#8221;1&#8243; _builder_version=&#8221;4.24.2&#8243; _module_preset=&#8221;default&#8221; global_colors_info=&#8221;{}&#8221;][et_pb_row column_structure=&#8221;3_5,2_5&#8243; _builder_version=&#8221;4.24.2&#8243; _module_preset=&#8221;default&#8221; global_colors_info=&#8221;{}&#8221;][et_pb_column type=&#8221;3_5&#8243; _builder_version=&#8221;4.24.2&#8243; _module_preset=&#8221;default&#8221; global_colors_info=&#8221;{}&#8221;][et_pb_text _builder_version=&#8221;4.24.2&#8243; _module_preset=&#8221;default&#8221; global_colors_info=&#8221;{}&#8221;]<\/p>\n<p>El <strong>Festival Internacional de M\u00fasica de Cambrils (FIMC)<\/strong> celebra enguany una edici\u00f3 molt especial: <strong>mig segle d\u2019hist\u00f2ria<\/strong> que es tradueix en una programaci\u00f3 que mira als or\u00edgens (1974), per\u00f2 que tamb\u00e9 respira contemporane\u00eftat i comprom\u00eds. \u00a0Del <strong>30 de juliol al 10 d\u2019agost<\/strong>, Cambrils es convertir\u00e0 en l\u2019epicentre musical del sud de Catalunya amb una proposta que recupera l\u2019ess\u00e8ncia inicial del festival \u2013amb una pres\u00e8ncia significativa de la m\u00fasica cl\u00e0ssica i l\u2019\u00f2pera\u2013 per\u00f2 que tamb\u00e9 integra <strong>grups internacionals, estatals i catalans de primer nivell d\u2019estils ben diversos com el pop, el rock, la can\u00e7\u00f3 d\u2019autor, el soul, el jazz o el flamenc<\/strong>.<\/p>\n<p>La programaci\u00f3 d\u2019aquest festival l\u2019integren els concerts de <strong>Nil Moliner, Lax\u2019n\u2019Busto, Ainhoa Arteta<\/strong>, el musical internacional <strong><em>This is Michael<\/em><\/strong>, <strong>El Drogas, The Amy Winehouse Band, Chicuelo &amp; Marco Mezquida, Maria del Mar Bonet, Carmina Burana, Quintet Montsant, Laura Sim\u00f3 &amp; Francesc Capella Trio, Queralt Lahoz<\/strong> i <strong>LaDinamo<\/strong>.<\/p>\n<p>Entrades ja a la venda<\/p>\n<p>L\u2019equip del F.I.M. de Cambrils<\/p>\n<p>[\/et_pb_text][\/et_pb_column][et_pb_column type=&#8221;2_5&#8243; _builder_version=&#8221;4.24.2&#8243; _module_preset=&#8221;default&#8221; global_colors_info=&#8221;{}&#8221;][et_pb_text _builder_version=&#8221;4.25.1&#8243; _module_preset=&#8221;default&#8221; global_colors_info=&#8221;{}&#8221;]<\/p>\n<h2><a href=\"https:\/\/www.festivaldecambrils.cat\/cat\" target=\"_blank\" rel=\"noopener noreferrer\">festivaldecambrils.cat<\/a><\/h2>\n<p>[\/et_pb_text][et_pb_social_media_follow _builder_version=&#8221;4.25.1&#8243; _module_preset=&#8221;default&#8221; global_colors_info=&#8221;{}&#8221;][et_pb_social_media_follow_network social_network=&#8221;instagram&#8221; url=&#8221;https:\/\/www.instagram.com\/fimcambrils\/&#8221; _builder_version=&#8221;4.25.1&#8243; _module_preset=&#8221;default&#8221; background_color=&#8221;#ea2c59&#8243; global_colors_info=&#8221;{}&#8221; follow_button=&#8221;off&#8221; url_new_window=&#8221;on&#8221;]instagram[\/et_pb_social_media_follow_network][et_pb_social_media_follow_network social_network=&#8221;facebook&#8221; url=&#8221;https:\/\/www.facebook.com\/fimcambrils\/&#8221; _builder_version=&#8221;4.25.1&#8243; _module_preset=&#8221;default&#8221; background_color=&#8221;#3b5998&#8243; global_colors_info=&#8221;{}&#8221; follow_button=&#8221;off&#8221; url_new_window=&#8221;on&#8221;]facebook[\/et_pb_social_media_follow_network][et_pb_social_media_follow_network social_network=&#8221;twitter&#8221; url=&#8221;https:\/\/twitter.com\/fimcambrils\/&#8221; _builder_version=&#8221;4.25.1&#8243; _module_preset=&#8221;default&#8221; background_color=&#8221;#000000&#8243; global_colors_info=&#8221;{}&#8221; follow_button=&#8221;off&#8221; url_new_window=&#8221;on&#8221;]twitter[\/et_pb_social_media_follow_network][\/et_pb_social_media_follow][\/et_pb_column][\/et_pb_row][\/et_pb_section][et_pb_section fb_built=&#8221;1&#8243; module_class=&#8221;franja-artistes-destacats&#8221; _builder_version=&#8221;4.24.3&#8243; _module_preset=&#8221;default&#8221; background_color=&#8221;#E09900&#8243; global_module=&#8221;2545&#8243; global_colors_info=&#8221;{}&#8221;][\/et_pb_section]<\/p>\n","protected":false},"excerpt":{"rendered":"<p>Festival Internacional de M\u00fasica de CambrilsEl Festival Internacional de M\u00fasica de Cambrils (FIMC) celebra enguany una edici\u00f3 molt especial: mig segle d\u2019hist\u00f2ria que es tradueix en una programaci\u00f3 que mira [&hellip;]<\/p>\n","protected":false},"author":6,"featured_media":6081,"parent":2540,"menu_order":1,"comment_status":"closed","ping_status":"closed","template":"","meta":{"pgc_meta":"","_et_pb_use_builder":"on","_et_pb_old_content":"","_et_gb_content_width":"","footnotes":""},"categories":[189],"tags":[],"class_list":["post-4076","page","type-page","status-publish","has-post-thumbnail","hentry","category-produccions"],"pgc_meta":"","yoast_head":"<!-- This site is optimized with the Yoast SEO plugin v25.3.1 - https:\/\/yoast.com\/wordpress\/plugins\/seo\/ -->\n<title>FIM Cambrils - RGB<\/title>\n<meta name=\"robots\" content=\"index, follow, max-snippet:-1, max-image-preview:large, max-video-preview:-1\" \/>\n<link rel=\"canonical\" href=\"https:\/\/rgb.cat\/produccions\/fim-cambrils\/\" \/>\n<meta property=\"og:locale\" content=\"en_GB\" \/>\n<meta property=\"og:type\" content=\"article\" \/>\n<meta property=\"og:title\" content=\"FIM Cambrils - RGB\" \/>\n<meta property=\"og:description\" content=\"Festival Internacional de M\u00fasica de CambrilsEl Festival Internacional de M\u00fasica de Cambrils (FIMC) celebra enguany una edici\u00f3 molt especial: mig segle d\u2019hist\u00f2ria que es tradueix en una programaci\u00f3 que mira [&hellip;]\" \/>\n<meta property=\"og:url\" content=\"https:\/\/rgb.cat\/produccions\/fim-cambrils\/\" \/>\n<meta property=\"og:site_name\" content=\"RGB\" \/>\n<meta property=\"article:modified_time\" content=\"2025-06-04T07:56:03+00:00\" \/>\n<meta property=\"og:image\" content=\"https:\/\/rgb.cat\/wp-content\/uploads\/2025\/06\/banner_cambrils_2.png\" \/>\n\t<meta property=\"og:image:width\" content=\"270\" \/>\n\t<meta property=\"og:image:height\" content=\"270\" \/>\n\t<meta property=\"og:image:type\" content=\"image\/png\" \/>\n<meta name=\"twitter:card\" content=\"summary_large_image\" \/>\n<meta name=\"twitter:label1\" content=\"Est. reading time\" \/>\n\t<meta name=\"twitter:data1\" content=\"3 minutes\" \/>\n<script type=\"application\/ld+json\" class=\"yoast-schema-graph\">{\"@context\":\"https:\/\/schema.org\",\"@graph\":[{\"@type\":\"WebPage\",\"@id\":\"https:\/\/rgb.cat\/produccions\/fim-cambrils\/\",\"url\":\"https:\/\/rgb.cat\/produccions\/fim-cambrils\/\",\"name\":\"FIM Cambrils - RGB\",\"isPartOf\":{\"@id\":\"https:\/\/rgb.cat\/#website\"},\"primaryImageOfPage\":{\"@id\":\"https:\/\/rgb.cat\/produccions\/fim-cambrils\/#primaryimage\"},\"image\":{\"@id\":\"https:\/\/rgb.cat\/produccions\/fim-cambrils\/#primaryimage\"},\"thumbnailUrl\":\"https:\/\/rgb.cat\/wp-content\/uploads\/2025\/06\/banner_cambrils_2.png\",\"datePublished\":\"2024-06-18T09:00:00+00:00\",\"dateModified\":\"2025-06-04T07:56:03+00:00\",\"breadcrumb\":{\"@id\":\"https:\/\/rgb.cat\/produccions\/fim-cambrils\/#breadcrumb\"},\"inLanguage\":\"en-GB\",\"potentialAction\":[{\"@type\":\"ReadAction\",\"target\":[\"https:\/\/rgb.cat\/produccions\/fim-cambrils\/\"]}]},{\"@type\":\"ImageObject\",\"inLanguage\":\"en-GB\",\"@id\":\"https:\/\/rgb.cat\/produccions\/fim-cambrils\/#primaryimage\",\"url\":\"https:\/\/rgb.cat\/wp-content\/uploads\/2025\/06\/banner_cambrils_2.png\",\"contentUrl\":\"https:\/\/rgb.cat\/wp-content\/uploads\/2025\/06\/banner_cambrils_2.png\",\"width\":270,\"height\":270},{\"@type\":\"BreadcrumbList\",\"@id\":\"https:\/\/rgb.cat\/produccions\/fim-cambrils\/#breadcrumb\",\"itemListElement\":[{\"@type\":\"ListItem\",\"position\":1,\"name\":\"Inici\",\"item\":\"https:\/\/rgb.cat\/\"},{\"@type\":\"ListItem\",\"position\":2,\"name\":\"Produccions\",\"item\":\"https:\/\/rgb.cat\/produccions\/\"},{\"@type\":\"ListItem\",\"position\":3,\"name\":\"FIM Cambrils\"}]},{\"@type\":\"WebSite\",\"@id\":\"https:\/\/rgb.cat\/#website\",\"url\":\"https:\/\/rgb.cat\/\",\"name\":\"RGB\",\"description\":\"RGB M\u00fasic, S.L.\",\"potentialAction\":[{\"@type\":\"SearchAction\",\"target\":{\"@type\":\"EntryPoint\",\"urlTemplate\":\"https:\/\/rgb.cat\/?s={search_term_string}\"},\"query-input\":{\"@type\":\"PropertyValueSpecification\",\"valueRequired\":true,\"valueName\":\"search_term_string\"}}],\"inLanguage\":\"en-GB\"}]}<\/script>\n<!-- \/ Yoast SEO plugin. -->","yoast_head_json":{"title":"FIM Cambrils - RGB","robots":{"index":"index","follow":"follow","max-snippet":"max-snippet:-1","max-image-preview":"max-image-preview:large","max-video-preview":"max-video-preview:-1"},"canonical":"https:\/\/rgb.cat\/produccions\/fim-cambrils\/","og_locale":"en_GB","og_type":"article","og_title":"FIM Cambrils - RGB","og_description":"Festival Internacional de M\u00fasica de CambrilsEl Festival Internacional de M\u00fasica de Cambrils (FIMC) celebra enguany una edici\u00f3 molt especial: mig segle d\u2019hist\u00f2ria que es tradueix en una programaci\u00f3 que mira [&hellip;]","og_url":"https:\/\/rgb.cat\/produccions\/fim-cambrils\/","og_site_name":"RGB","article_modified_time":"2025-06-04T07:56:03+00:00","og_image":[{"width":270,"height":270,"url":"https:\/\/rgb.cat\/wp-content\/uploads\/2025\/06\/banner_cambrils_2.png","type":"image\/png"}],"twitter_card":"summary_large_image","twitter_misc":{"Est. reading time":"3 minutes"},"schema":{"@context":"https:\/\/schema.org","@graph":[{"@type":"WebPage","@id":"https:\/\/rgb.cat\/produccions\/fim-cambrils\/","url":"https:\/\/rgb.cat\/produccions\/fim-cambrils\/","name":"FIM Cambrils - RGB","isPartOf":{"@id":"https:\/\/rgb.cat\/#website"},"primaryImageOfPage":{"@id":"https:\/\/rgb.cat\/produccions\/fim-cambrils\/#primaryimage"},"image":{"@id":"https:\/\/rgb.cat\/produccions\/fim-cambrils\/#primaryimage"},"thumbnailUrl":"https:\/\/rgb.cat\/wp-content\/uploads\/2025\/06\/banner_cambrils_2.png","datePublished":"2024-06-18T09:00:00+00:00","dateModified":"2025-06-04T07:56:03+00:00","breadcrumb":{"@id":"https:\/\/rgb.cat\/produccions\/fim-cambrils\/#breadcrumb"},"inLanguage":"en-GB","potentialAction":[{"@type":"ReadAction","target":["https:\/\/rgb.cat\/produccions\/fim-cambrils\/"]}]},{"@type":"ImageObject","inLanguage":"en-GB","@id":"https:\/\/rgb.cat\/produccions\/fim-cambrils\/#primaryimage","url":"https:\/\/rgb.cat\/wp-content\/uploads\/2025\/06\/banner_cambrils_2.png","contentUrl":"https:\/\/rgb.cat\/wp-content\/uploads\/2025\/06\/banner_cambrils_2.png","width":270,"height":270},{"@type":"BreadcrumbList","@id":"https:\/\/rgb.cat\/produccions\/fim-cambrils\/#breadcrumb","itemListElement":[{"@type":"ListItem","position":1,"name":"Inici","item":"https:\/\/rgb.cat\/"},{"@type":"ListItem","position":2,"name":"Produccions","item":"https:\/\/rgb.cat\/produccions\/"},{"@type":"ListItem","position":3,"name":"FIM Cambrils"}]},{"@type":"WebSite","@id":"https:\/\/rgb.cat\/#website","url":"https:\/\/rgb.cat\/","name":"RGB","description":"RGB M\u00fasic, S.L.","potentialAction":[{"@type":"SearchAction","target":{"@type":"EntryPoint","urlTemplate":"https:\/\/rgb.cat\/?s={search_term_string}"},"query-input":{"@type":"PropertyValueSpecification","valueRequired":true,"valueName":"search_term_string"}}],"inLanguage":"en-GB"}]}},"_links":{"self":[{"href":"https:\/\/rgb.cat\/en\/wp-json\/wp\/v2\/pages\/4076","targetHints":{"allow":["GET"]}}],"collection":[{"href":"https:\/\/rgb.cat\/en\/wp-json\/wp\/v2\/pages"}],"about":[{"href":"https:\/\/rgb.cat\/en\/wp-json\/wp\/v2\/types\/page"}],"author":[{"embeddable":true,"href":"https:\/\/rgb.cat\/en\/wp-json\/wp\/v2\/users\/6"}],"replies":[{"embeddable":true,"href":"https:\/\/rgb.cat\/en\/wp-json\/wp\/v2\/comments?post=4076"}],"version-history":[{"count":8,"href":"https:\/\/rgb.cat\/en\/wp-json\/wp\/v2\/pages\/4076\/revisions"}],"predecessor-version":[{"id":6085,"href":"https:\/\/rgb.cat\/en\/wp-json\/wp\/v2\/pages\/4076\/revisions\/6085"}],"up":[{"embeddable":true,"href":"https:\/\/rgb.cat\/en\/wp-json\/wp\/v2\/pages\/2540"}],"wp:featuredmedia":[{"embeddable":true,"href":"https:\/\/rgb.cat\/en\/wp-json\/wp\/v2\/media\/6081"}],"wp:attachment":[{"href":"https:\/\/rgb.cat\/en\/wp-json\/wp\/v2\/media?parent=4076"}],"wp:term":[{"taxonomy":"category","embeddable":true,"href":"https:\/\/rgb.cat\/en\/wp-json\/wp\/v2\/categories?post=4076"},{"taxonomy":"post_tag","embeddable":true,"href":"https:\/\/rgb.cat\/en\/wp-json\/wp\/v2\/tags?post=4076"}],"curies":[{"name":"wp","href":"https:\/\/api.w.org\/{rel}","templated":true}]}}