{"id":4107,"date":"2024-06-18T12:00:00","date_gmt":"2024-06-18T10:00:00","guid":{"rendered":"https:\/\/rgb.cat\/produccions\/premis-enderrrock\/"},"modified":"2024-06-18T11:13:01","modified_gmt":"2024-06-18T09:13:01","slug":"ambsodecobla","status":"publish","type":"page","link":"https:\/\/rgb.cat\/en\/produccions\/ambsodecobla\/","title":{"rendered":"Amb So de Cobla"},"content":{"rendered":"<p>[et_pb_section fb_built=&#8221;1&#8243; _builder_version=&#8221;4.24.2&#8243; _module_preset=&#8221;default&#8221; global_colors_info=&#8221;{}&#8221;][et_pb_row _builder_version=&#8221;4.24.2&#8243; _module_preset=&#8221;default&#8221; global_colors_info=&#8221;{}&#8221;][et_pb_column type=&#8221;4_4&#8243; _builder_version=&#8221;4.24.2&#8243; _module_preset=&#8221;default&#8221; global_colors_info=&#8221;{}&#8221;][et_pb_text _builder_version=&#8221;4.24.2&#8243; _module_preset=&#8221;default&#8221; global_colors_info=&#8221;{}&#8221;]<\/p>\n<h1>Amb So de Cobla<\/h1>\n<p>[\/et_pb_text][\/et_pb_column][\/et_pb_row][\/et_pb_section][et_pb_section fb_built=&#8221;1&#8243; fullwidth=&#8221;on&#8221; _builder_version=&#8221;4.24.2&#8243; _module_preset=&#8221;default&#8221; global_colors_info=&#8221;{}&#8221;][et_pb_fullwidth_image src=&#8221;https:\/\/rgb.cat\/wp-content\/uploads\/2024\/06\/banner_asdc.png&#8221; title_text=&#8221;banner_asdc&#8221; _builder_version=&#8221;4.25.1&#8243; _module_preset=&#8221;default&#8221; global_colors_info=&#8221;{}&#8221;][\/et_pb_fullwidth_image][\/et_pb_section][et_pb_section fb_built=&#8221;1&#8243; _builder_version=&#8221;4.24.2&#8243; _module_preset=&#8221;default&#8221; min_height=&#8221;414.8px&#8221; custom_padding=&#8221;||21px|||&#8221; global_colors_info=&#8221;{}&#8221;][et_pb_row column_structure=&#8221;3_5,2_5&#8243; _builder_version=&#8221;4.24.2&#8243; _module_preset=&#8221;default&#8221; global_colors_info=&#8221;{}&#8221;][et_pb_column type=&#8221;3_5&#8243; _builder_version=&#8221;4.24.2&#8243; _module_preset=&#8221;default&#8221; global_colors_info=&#8221;{}&#8221;][et_pb_text _builder_version=&#8221;4.25.1&#8243; _module_preset=&#8221;default&#8221; global_colors_info=&#8221;{}&#8221;]<\/p>\n<p>Enguany, del 6 al 10 d\u2019agost, Amb So de Cobla, el Festival de Cobla de Catalunya, compleix la seva vuitena edici\u00f3.<\/p>\n<p>Des dels seus inicis, la voluntat del festival \u00e9s acostar la sonoritat de la cobla a tot tipus de p\u00fablic. Tant el m\u00e9s acostumat a aquestes sonoritats com a tot aficionat a la m\u00fasica que a vegades no t\u00e9 l\u2019oportunitat de sentir aquest so fora de l\u2019\u00e0mbit estrictament sardanista. El flabiol, el tible, la tenora, el tromb\u00f3, el fiscorn i el contrabaix surten de la cobla per trobar-se amb altres instruments musicals. M\u00e9s enll\u00e0 de la formaci\u00f3 de cobla convencional, el festival obre un ventall de possibilitats de fusi\u00f3 gaireb\u00e9 il\u00b7limitat.<\/p>\n<p>En un any on el so de la cobla ha tingut un gran ress\u00f2 medi\u00e0tic, volem des del festival celebrar-ho. Per aix\u00f2 m\u00e9s que mai volem fer valdre i sobretot continuar reivindicant la feina feta i que s\u2019est\u00e0 fent des de fa molts anys per molta gent, ja sigui des de la gesti\u00f3 cultural, des de la part art\u00edstica i creativa o des de la part de promoci\u00f3 i difusi\u00f3 de la cultura catalana en maj\u00fascules, dibuixant un horitz\u00f3 real per la nostra cultura i el nostre so, ja que sense un horitz\u00f3 real i s\u00f2lid el nostre so pot acabar cobert d\u2019ignor\u00e0ncia i sobretot de caricaturitzaci\u00f3 que certes modes poden generar, fent que perdem unes identitats com a poble plenes de la hist\u00f2ria del nostre pa\u00eds i el nostre fer i ser.<\/p>\n<p>El m\u00f3n de la cobla amb totes les seves vessants ja siguin sardanistes, musicals m\u00e9s cl\u00e0ssiques, experimentals o de fusi\u00f3, hist\u00f2riques, antropol\u00f2giques, culturals, folkl\u00f2riques i un llarg etc., \u00e9s un m\u00f3n ric i ple d\u2019hist\u00f2ria que ens ha acompanyat i ha configurat tamb\u00e9 com a poble i societat. Per tant, aquest \u00e9s l\u2019esperit i el sentir del Festival Amb So de Cobla i en aquesta vuitena edici\u00f3 ens continuem sentint responsables de participar en el la definici\u00f3 d\u2019 aquest horitz\u00f3 desacomplexat i ferm, orgullosos del nostre passat, present i futur. Perqu\u00e8 sense horitz\u00f3 es perd el cam\u00ed, i aqu\u00ed \u00e9s on hi ha el gran perill de perdre\u2019ns.<\/p>\n<p>El festival Amb So de Cobla \u00e9s organitzat per l\u2019\u00c0rea de Cultura de l\u2019Ajuntament de Palam\u00f3s i l\u2019Agrupaci\u00f3 Sardanista Costa Brava amb el suport del Departament de Cultura de la Generalitat de Catalunya, la Diputaci\u00f3 de Girona i la Confederaci\u00f3 Sardanista de Catalunya, sota la direcci\u00f3 d\u2019Adri\u00e0 Bauz\u00f3 i Pau Marqu\u00e8s.<\/p>\n<p><span>Us convidem a gaudir-ne.<\/span><\/p>\n<p>[\/et_pb_text][\/et_pb_column][et_pb_column type=&#8221;2_5&#8243; _builder_version=&#8221;4.24.2&#8243; _module_preset=&#8221;default&#8221; global_colors_info=&#8221;{}&#8221;][et_pb_text _builder_version=&#8221;4.25.1&#8243; _module_preset=&#8221;default&#8221; hover_enabled=&#8221;0&#8243; global_colors_info=&#8221;{}&#8221; sticky_enabled=&#8221;0&#8243;]<\/p>\n<h2><a href=\"https:\/\/ambsodecobla.cat\/\" target=\"_blank\" rel=\"noopener noreferrer\">ambsodecobla.cat<\/a><\/h2>\n<p>[\/et_pb_text][et_pb_social_media_follow _builder_version=&#8221;4.25.1&#8243; _module_preset=&#8221;default&#8221; global_colors_info=&#8221;{}&#8221;][et_pb_social_media_follow_network social_network=&#8221;instagram&#8221; url=&#8221;https:\/\/www.instagram.com\/ambsodecobla.cat\/&#8221; _builder_version=&#8221;4.25.1&#8243; _module_preset=&#8221;default&#8221; background_color=&#8221;#ea2c59&#8243; global_colors_info=&#8221;{}&#8221; follow_button=&#8221;off&#8221; url_new_window=&#8221;on&#8221;]instagram[\/et_pb_social_media_follow_network][et_pb_social_media_follow_network social_network=&#8221;facebook&#8221; url=&#8221;https:\/\/www.facebook.com\/ambsodecobla&#8221; _builder_version=&#8221;4.25.1&#8243; _module_preset=&#8221;default&#8221; background_color=&#8221;#3b5998&#8243; global_colors_info=&#8221;{}&#8221; follow_button=&#8221;off&#8221; url_new_window=&#8221;on&#8221;]facebook[\/et_pb_social_media_follow_network][et_pb_social_media_follow_network social_network=&#8221;twitter&#8221; url=&#8221;https:\/\/x.com\/ambsodecobla&#8221; _builder_version=&#8221;4.25.1&#8243; _module_preset=&#8221;default&#8221; background_color=&#8221;#000000&#8243; global_colors_info=&#8221;{}&#8221; follow_button=&#8221;off&#8221; url_new_window=&#8221;on&#8221;]twitter[\/et_pb_social_media_follow_network][\/et_pb_social_media_follow][\/et_pb_column][\/et_pb_row][\/et_pb_section][et_pb_section fb_built=&#8221;1&#8243; module_class=&#8221;franja-artistes-destacats&#8221; _builder_version=&#8221;4.24.3&#8243; _module_preset=&#8221;default&#8221; background_color=&#8221;#E09900&#8243; global_module=&#8221;2545&#8243; global_colors_info=&#8221;{}&#8221;][\/et_pb_section]<\/p>\n","protected":false},"excerpt":{"rendered":"<p>Amb So de CoblaEnguany, del 6 al 10 d\u2019agost, Amb So de Cobla, el Festival de Cobla de Catalunya, compleix la seva vuitena edici\u00f3. Des dels seus inicis, la voluntat [&hellip;]<\/p>\n","protected":false},"author":6,"featured_media":4109,"parent":2540,"menu_order":3,"comment_status":"closed","ping_status":"closed","template":"","meta":{"pgc_meta":"","_et_pb_use_builder":"on","_et_pb_old_content":"","_et_gb_content_width":"","footnotes":""},"categories":[189],"tags":[],"class_list":["post-4107","page","type-page","status-publish","has-post-thumbnail","hentry","category-produccions"],"pgc_meta":"","yoast_head":"<!-- This site is optimized with the Yoast SEO plugin v25.3.1 - https:\/\/yoast.com\/wordpress\/plugins\/seo\/ -->\n<title>Amb So de Cobla - RGB<\/title>\n<meta name=\"robots\" content=\"index, follow, max-snippet:-1, max-image-preview:large, max-video-preview:-1\" \/>\n<link rel=\"canonical\" href=\"https:\/\/rgb.cat\/produccions\/ambsodecobla\/\" \/>\n<meta property=\"og:locale\" content=\"en_GB\" \/>\n<meta property=\"og:type\" content=\"article\" \/>\n<meta property=\"og:title\" content=\"Amb So de Cobla - RGB\" \/>\n<meta property=\"og:description\" content=\"Amb So de CoblaEnguany, del 6 al 10 d\u2019agost, Amb So de Cobla, el Festival de Cobla de Catalunya, compleix la seva vuitena edici\u00f3. Des dels seus inicis, la voluntat [&hellip;]\" \/>\n<meta property=\"og:url\" content=\"https:\/\/rgb.cat\/produccions\/ambsodecobla\/\" \/>\n<meta property=\"og:site_name\" content=\"RGB\" \/>\n<meta property=\"og:image\" content=\"https:\/\/rgb.cat\/wp-content\/uploads\/2024\/06\/Card_ASDC.png\" \/>\n\t<meta property=\"og:image:width\" content=\"270\" \/>\n\t<meta property=\"og:image:height\" content=\"270\" \/>\n\t<meta property=\"og:image:type\" content=\"image\/png\" \/>\n<meta name=\"twitter:card\" content=\"summary_large_image\" \/>\n<meta name=\"twitter:label1\" content=\"Est. reading time\" \/>\n\t<meta name=\"twitter:data1\" content=\"4 minutes\" \/>\n<script type=\"application\/ld+json\" class=\"yoast-schema-graph\">{\"@context\":\"https:\/\/schema.org\",\"@graph\":[{\"@type\":\"WebPage\",\"@id\":\"https:\/\/rgb.cat\/produccions\/ambsodecobla\/\",\"url\":\"https:\/\/rgb.cat\/produccions\/ambsodecobla\/\",\"name\":\"Amb So de Cobla - RGB\",\"isPartOf\":{\"@id\":\"https:\/\/rgb.cat\/#website\"},\"primaryImageOfPage\":{\"@id\":\"https:\/\/rgb.cat\/produccions\/ambsodecobla\/#primaryimage\"},\"image\":{\"@id\":\"https:\/\/rgb.cat\/produccions\/ambsodecobla\/#primaryimage\"},\"thumbnailUrl\":\"https:\/\/rgb.cat\/wp-content\/uploads\/2024\/06\/Card_ASDC.png\",\"datePublished\":\"2024-06-18T10:00:00+00:00\",\"breadcrumb\":{\"@id\":\"https:\/\/rgb.cat\/produccions\/ambsodecobla\/#breadcrumb\"},\"inLanguage\":\"en-GB\",\"potentialAction\":[{\"@type\":\"ReadAction\",\"target\":[\"https:\/\/rgb.cat\/produccions\/ambsodecobla\/\"]}]},{\"@type\":\"ImageObject\",\"inLanguage\":\"en-GB\",\"@id\":\"https:\/\/rgb.cat\/produccions\/ambsodecobla\/#primaryimage\",\"url\":\"https:\/\/rgb.cat\/wp-content\/uploads\/2024\/06\/Card_ASDC.png\",\"contentUrl\":\"https:\/\/rgb.cat\/wp-content\/uploads\/2024\/06\/Card_ASDC.png\",\"width\":270,\"height\":270},{\"@type\":\"BreadcrumbList\",\"@id\":\"https:\/\/rgb.cat\/produccions\/ambsodecobla\/#breadcrumb\",\"itemListElement\":[{\"@type\":\"ListItem\",\"position\":1,\"name\":\"Inici\",\"item\":\"https:\/\/rgb.cat\/\"},{\"@type\":\"ListItem\",\"position\":2,\"name\":\"Produccions\",\"item\":\"https:\/\/rgb.cat\/produccions\/\"},{\"@type\":\"ListItem\",\"position\":3,\"name\":\"Amb So de Cobla\"}]},{\"@type\":\"WebSite\",\"@id\":\"https:\/\/rgb.cat\/#website\",\"url\":\"https:\/\/rgb.cat\/\",\"name\":\"RGB\",\"description\":\"RGB M\u00fasic, S.L.\",\"potentialAction\":[{\"@type\":\"SearchAction\",\"target\":{\"@type\":\"EntryPoint\",\"urlTemplate\":\"https:\/\/rgb.cat\/?s={search_term_string}\"},\"query-input\":{\"@type\":\"PropertyValueSpecification\",\"valueRequired\":true,\"valueName\":\"search_term_string\"}}],\"inLanguage\":\"en-GB\"}]}<\/script>\n<!-- \/ Yoast SEO plugin. -->","yoast_head_json":{"title":"Amb So de Cobla - RGB","robots":{"index":"index","follow":"follow","max-snippet":"max-snippet:-1","max-image-preview":"max-image-preview:large","max-video-preview":"max-video-preview:-1"},"canonical":"https:\/\/rgb.cat\/produccions\/ambsodecobla\/","og_locale":"en_GB","og_type":"article","og_title":"Amb So de Cobla - RGB","og_description":"Amb So de CoblaEnguany, del 6 al 10 d\u2019agost, Amb So de Cobla, el Festival de Cobla de Catalunya, compleix la seva vuitena edici\u00f3. Des dels seus inicis, la voluntat [&hellip;]","og_url":"https:\/\/rgb.cat\/produccions\/ambsodecobla\/","og_site_name":"RGB","og_image":[{"width":270,"height":270,"url":"https:\/\/rgb.cat\/wp-content\/uploads\/2024\/06\/Card_ASDC.png","type":"image\/png"}],"twitter_card":"summary_large_image","twitter_misc":{"Est. reading time":"4 minutes"},"schema":{"@context":"https:\/\/schema.org","@graph":[{"@type":"WebPage","@id":"https:\/\/rgb.cat\/produccions\/ambsodecobla\/","url":"https:\/\/rgb.cat\/produccions\/ambsodecobla\/","name":"Amb So de Cobla - RGB","isPartOf":{"@id":"https:\/\/rgb.cat\/#website"},"primaryImageOfPage":{"@id":"https:\/\/rgb.cat\/produccions\/ambsodecobla\/#primaryimage"},"image":{"@id":"https:\/\/rgb.cat\/produccions\/ambsodecobla\/#primaryimage"},"thumbnailUrl":"https:\/\/rgb.cat\/wp-content\/uploads\/2024\/06\/Card_ASDC.png","datePublished":"2024-06-18T10:00:00+00:00","breadcrumb":{"@id":"https:\/\/rgb.cat\/produccions\/ambsodecobla\/#breadcrumb"},"inLanguage":"en-GB","potentialAction":[{"@type":"ReadAction","target":["https:\/\/rgb.cat\/produccions\/ambsodecobla\/"]}]},{"@type":"ImageObject","inLanguage":"en-GB","@id":"https:\/\/rgb.cat\/produccions\/ambsodecobla\/#primaryimage","url":"https:\/\/rgb.cat\/wp-content\/uploads\/2024\/06\/Card_ASDC.png","contentUrl":"https:\/\/rgb.cat\/wp-content\/uploads\/2024\/06\/Card_ASDC.png","width":270,"height":270},{"@type":"BreadcrumbList","@id":"https:\/\/rgb.cat\/produccions\/ambsodecobla\/#breadcrumb","itemListElement":[{"@type":"ListItem","position":1,"name":"Inici","item":"https:\/\/rgb.cat\/"},{"@type":"ListItem","position":2,"name":"Produccions","item":"https:\/\/rgb.cat\/produccions\/"},{"@type":"ListItem","position":3,"name":"Amb So de Cobla"}]},{"@type":"WebSite","@id":"https:\/\/rgb.cat\/#website","url":"https:\/\/rgb.cat\/","name":"RGB","description":"RGB M\u00fasic, S.L.","potentialAction":[{"@type":"SearchAction","target":{"@type":"EntryPoint","urlTemplate":"https:\/\/rgb.cat\/?s={search_term_string}"},"query-input":{"@type":"PropertyValueSpecification","valueRequired":true,"valueName":"search_term_string"}}],"inLanguage":"en-GB"}]}},"_links":{"self":[{"href":"https:\/\/rgb.cat\/en\/wp-json\/wp\/v2\/pages\/4107","targetHints":{"allow":["GET"]}}],"collection":[{"href":"https:\/\/rgb.cat\/en\/wp-json\/wp\/v2\/pages"}],"about":[{"href":"https:\/\/rgb.cat\/en\/wp-json\/wp\/v2\/types\/page"}],"author":[{"embeddable":true,"href":"https:\/\/rgb.cat\/en\/wp-json\/wp\/v2\/users\/6"}],"replies":[{"embeddable":true,"href":"https:\/\/rgb.cat\/en\/wp-json\/wp\/v2\/comments?post=4107"}],"version-history":[{"count":8,"href":"https:\/\/rgb.cat\/en\/wp-json\/wp\/v2\/pages\/4107\/revisions"}],"predecessor-version":[{"id":4180,"href":"https:\/\/rgb.cat\/en\/wp-json\/wp\/v2\/pages\/4107\/revisions\/4180"}],"up":[{"embeddable":true,"href":"https:\/\/rgb.cat\/en\/wp-json\/wp\/v2\/pages\/2540"}],"wp:featuredmedia":[{"embeddable":true,"href":"https:\/\/rgb.cat\/en\/wp-json\/wp\/v2\/media\/4109"}],"wp:attachment":[{"href":"https:\/\/rgb.cat\/en\/wp-json\/wp\/v2\/media?parent=4107"}],"wp:term":[{"taxonomy":"category","embeddable":true,"href":"https:\/\/rgb.cat\/en\/wp-json\/wp\/v2\/categories?post=4107"},{"taxonomy":"post_tag","embeddable":true,"href":"https:\/\/rgb.cat\/en\/wp-json\/wp\/v2\/tags?post=4107"}],"curies":[{"name":"wp","href":"https:\/\/api.w.org\/{rel}","templated":true}]}}