{"id":2978,"date":"2024-03-28T13:43:30","date_gmt":"2024-03-28T11:43:30","guid":{"rendered":"https:\/\/rgb.cat\/booking\/gnaposs\/"},"modified":"2024-04-10T11:00:51","modified_gmt":"2024-04-10T09:00:51","slug":"gnaposs","status":"publish","type":"page","link":"https:\/\/rgb.cat\/es\/booking\/gnaposs\/","title":{"rendered":"Gnaposs"},"content":{"rendered":"<p>[et_pb_section fb_built=&#8221;1&#8243; _builder_version=&#8221;4.24.2&#8243; _module_preset=&#8221;default&#8221; global_colors_info=&#8221;{}&#8221;][et_pb_row _builder_version=&#8221;4.24.2&#8243; _module_preset=&#8221;default&#8221; global_colors_info=&#8221;{}&#8221;][et_pb_column type=&#8221;4_4&#8243; _builder_version=&#8221;4.24.2&#8243; _module_preset=&#8221;default&#8221; global_colors_info=&#8221;{}&#8221;][et_pb_text _builder_version=&#8221;4.24.2&#8243; _module_preset=&#8221;default&#8221; hover_enabled=&#8221;0&#8243; global_colors_info=&#8221;{}&#8221; sticky_enabled=&#8221;0&#8243;]<\/p>\n<h1>Gnaposs<\/h1>\n<p>[\/et_pb_text][\/et_pb_column][\/et_pb_row][\/et_pb_section][et_pb_section fb_built=&#8221;1&#8243; fullwidth=&#8221;on&#8221; _builder_version=&#8221;4.24.2&#8243; _module_preset=&#8221;default&#8221; global_colors_info=&#8221;{}&#8221;][et_pb_fullwidth_image src=&#8221;https:\/\/rgb.cat\/wp-content\/uploads\/2024\/03\/banner-GNAPOSS.png&#8221; title_text=&#8221;banner-GNAPOSS&#8221; _builder_version=&#8221;4.24.2&#8243; _module_preset=&#8221;default&#8221; hover_enabled=&#8221;0&#8243; global_colors_info=&#8221;{}&#8221; sticky_enabled=&#8221;0&#8243;][\/et_pb_fullwidth_image][\/et_pb_section][et_pb_section fb_built=&#8221;1&#8243; _builder_version=&#8221;4.24.2&#8243; _module_preset=&#8221;default&#8221; global_colors_info=&#8221;{}&#8221;][et_pb_row column_structure=&#8221;3_5,2_5&#8243; _builder_version=&#8221;4.24.2&#8243; _module_preset=&#8221;default&#8221; global_colors_info=&#8221;{}&#8221;][et_pb_column type=&#8221;3_5&#8243; _builder_version=&#8221;4.24.2&#8243; _module_preset=&#8221;default&#8221; global_colors_info=&#8221;{}&#8221;][et_pb_text _builder_version=&#8221;4.24.2&#8243; _module_preset=&#8221;default&#8221; hover_enabled=&#8221;0&#8243; global_colors_info=&#8221;{}&#8221; sticky_enabled=&#8221;0&#8243;]<\/p>\n<p><span><strong><span class=\"JsGRdQ\"><em>&#8220;I Don\u2019t Really Give A Shit&#8221;<\/em>\u00a0<\/span><span class=\"JsGRdQ\">e<\/span>l nou disc de Gnaposs.<\/strong><\/span><\/p>\n<p align=\"justify\"><span><strong>Gnaposs<\/strong>\u00a0publica\u00a0<strong><em>\u201cI Don\u2019t Really Give A Shit\u201d\u00a0<\/em><\/strong>(RGB Suports, 2023), el seu sis\u00e8 disc d\u2019estudi, amb una sonoritat Funk que combina amb una amalgama d\u2019estils com ara: Rock, Blues, Country, Jazz i Latin.<\/span><\/p>\n<p align=\"justify\"><span>Enregistrat per m\u00e9s de vint m\u00fasics de renom en el panorama nacional, i coprodu\u00eft per ell mateix i Miguel Pino a La Catacumba Estudio de Barcelona. El nou treball discogr\u00e0fic est\u00e0 format per 18 can\u00e7ons amb una fusi\u00f3 molt personal i f\u00e0cilment identificable.<\/span><\/p>\n<p align=\"justify\"><span>David Mu\u00f1oz\u00a0<strong><em>\u201cGnaposs\u201d<\/em><\/strong>\u00a0\u00e9s un reputat guitarrista de l\u2019escena de Barcelona, conegut per acompanyar a innombrables artistes com Jarabe de Palo, Els Pets, El Ni\u00f1o de la Hipoteca, Hotel Cochambre, Los 80 Principales, Shuarma, etc.<\/span><\/p>\n<p align=\"justify\"><span>Tamb\u00e9 compta amb la publicaci\u00f3 de 6 treballs d\u2019estudi. El primer\u00a0<em>\u201cParty With Yourself\u201d<\/em>\u00a0enregistrat el 2001 a Los Angeles, Calif\u00f2rnia, de la m\u00e0 del productor TJ Helmerich i amb la col\u00b7laboraci\u00f3 de Scott Henderson.<\/span><\/p>\n<p align=\"justify\"><span>El passat 28 de setembre va presentar el nou directe a la sala Luz de Gas de Barcelona, on el van acompanyar vuit reputats m\u00fasics amb els quals compartir\u00e0 escena als directes.<\/span><\/p>\n<p>[\/et_pb_text][\/et_pb_column][et_pb_column type=&#8221;2_5&#8243; _builder_version=&#8221;4.24.2&#8243; _module_preset=&#8221;default&#8221; global_colors_info=&#8221;{}&#8221;][et_pb_social_media_follow _builder_version=&#8221;4.24.2&#8243; _module_preset=&#8221;default&#8221; hover_enabled=&#8221;0&#8243; global_colors_info=&#8221;{}&#8221; sticky_enabled=&#8221;0&#8243;][et_pb_social_media_follow_network social_network=&#8221;instagram&#8221; background_color=&#8221;#ea2c59&#8243; _builder_version=&#8221;4.24.2&#8243; _module_preset=&#8221;default&#8221; follow_button=&#8221;off&#8221; url_new_window=&#8221;on&#8221; hover_enabled=&#8221;0&#8243; sticky_enabled=&#8221;0&#8243; url=&#8221;https:\/\/www.instagram.com\/gnaposs1\/&#8221;]instagram[\/et_pb_social_media_follow_network][et_pb_social_media_follow_network social_network=&#8221;facebook&#8221; url=&#8221;https:\/\/www.facebook.com\/Gnaposs&#8221; _builder_version=&#8221;4.24.2&#8243; _module_preset=&#8221;default&#8221; background_color=&#8221;#3b5998&#8243; hover_enabled=&#8221;0&#8243; global_colors_info=&#8221;{}&#8221; follow_button=&#8221;off&#8221; url_new_window=&#8221;on&#8221; sticky_enabled=&#8221;0&#8243;]facebook[\/et_pb_social_media_follow_network][et_pb_social_media_follow_network social_network=&#8221;twitter&#8221; url=&#8221;https:\/\/x.com\/gnaposs&#8221; _builder_version=&#8221;4.24.2&#8243; _module_preset=&#8221;default&#8221; background_color=&#8221;#000000&#8243; hover_enabled=&#8221;0&#8243; global_colors_info=&#8221;{}&#8221; follow_button=&#8221;off&#8221; url_new_window=&#8221;on&#8221; sticky_enabled=&#8221;0&#8243;]twitter[\/et_pb_social_media_follow_network][et_pb_social_media_follow_network social_network=&#8221;spotify&#8221; background_color=&#8221;#1db954&#8243; _builder_version=&#8221;4.24.2&#8243; _module_preset=&#8221;default&#8221; follow_button=&#8221;off&#8221; url_new_window=&#8221;on&#8221; hover_enabled=&#8221;0&#8243; sticky_enabled=&#8221;0&#8243; url=&#8221;https:\/\/open.spotify.com\/artist\/4ZGzeoECIlKUufmMZQATeH&#8221;]spotify[\/et_pb_social_media_follow_network][\/et_pb_social_media_follow][decm_event_display event_selection=&#8221;custom_event&#8221; included_categories=&#8221;220&#8243; show_feature_image=&#8221;off&#8221; shorten_multidate=&#8221;off&#8221; show_end_date=&#8221;off&#8221; show_time=&#8221;off&#8221; show_venue=&#8221;off&#8221; show_name=&#8221;off&#8221; show_price=&#8221;off&#8221; show_category=&#8221;off&#8221; hide_comma_cat=&#8221;off&#8221; show_tag=&#8221;off&#8221; hide_comma_tag=&#8221;off&#8221; website_detail_label=&#8221;Entrades&#8221; show_detail=&#8221;off&#8221; show_icon_label=&#8221;none&#8221; layout=&#8221;list&#8221; list_layout=&#8221;rightimage_leftdetail&#8221; show_event_month_heading=&#8221;off&#8221; single_event_page_link=&#8221;disable_link&#8221; disable_event_title_link=&#8221;on&#8221; disable_event_image_link=&#8221;on&#8221; disable_event_button_link=&#8221;on&#8221; website_link=&#8221;custom_text&#8221; custom_website_link_text=&#8221;Entrades&#8221; module_class=&#8221;concerts-llista-individual&#8221; _builder_version=&#8221;4.24.2&#8243; _module_preset=&#8221;default&#8221; hover_enabled=&#8221;0&#8243; global_colors_info=&#8221;{}&#8221; sticky_enabled=&#8221;0&#8243;][\/decm_event_display][\/et_pb_column][\/et_pb_row][\/et_pb_section][et_pb_section fb_built=&#8221;1&#8243; _builder_version=&#8221;4.24.2&#8243; _module_preset=&#8221;default&#8221; background_color=&#8221;#000000&#8243; global_colors_info=&#8221;{}&#8221;][et_pb_row _builder_version=&#8221;4.24.2&#8243; _module_preset=&#8221;default&#8221; global_colors_info=&#8221;{}&#8221;][et_pb_column type=&#8221;4_4&#8243; _builder_version=&#8221;4.24.2&#8243; _module_preset=&#8221;default&#8221; global_colors_info=&#8221;{}&#8221;][et_pb_video src=&#8221;https:\/\/youtu.be\/HhTqRCneqWA&#8221; _builder_version=&#8221;4.24.2&#8243; _module_preset=&#8221;default&#8221; hover_enabled=&#8221;0&#8243; global_colors_info=&#8221;{}&#8221; sticky_enabled=&#8221;0&#8243;][\/et_pb_video][\/et_pb_column][\/et_pb_row][\/et_pb_section][et_pb_section fb_built=&#8221;1&#8243; module_class=&#8221;franja-artistes-destacats&#8221; _builder_version=&#8221;4.24.2&#8243; _module_preset=&#8221;default&#8221; background_color=&#8221;#910000&#8243; global_module=&#8221;2375&#8243; saved_tabs=&#8221;all&#8221; global_colors_info=&#8221;{}&#8221;][et_pb_row _builder_version=&#8221;4.24.2&#8243; _module_preset=&#8221;default&#8221; global_colors_info=&#8221;{}&#8221;][et_pb_column type=&#8221;4_4&#8243; _builder_version=&#8221;4.24.2&#8243; _module_preset=&#8221;default&#8221; global_colors_info=&#8221;{}&#8221;][et_pb_text _builder_version=&#8221;4.24.2&#8243; _module_preset=&#8221;default&#8221; header_2_text_color=&#8221;#FFFFFF&#8221; global_colors_info=&#8221;{}&#8221;]<\/p>\n<h2>Artistas Booking<\/h2>\n<div id=\"post-grid-lazy-2377\" class=\"post-grid-lazy\"><img decoding=\"async\"\n    alt=\"\" src=\"\" \/><\/div>\n<script>\njQuery('#post-grid-lazy-2377').ready(function($) {\n  $('#post-grid-lazy-2377').fadeOut();\n  $('#post-grid-2377   ').fadeIn();\n})\n<\/script>\n<style type=\"text\/css\">\n#post-grid-2377 {\n  display: none;\n}\n\n.post-grid-lazy {\n  text-align: center;\n}\n<\/style>\n<div data-options='{&quot;id&quot;:&quot;2377&quot;,&quot;lazy_load&quot;:&quot;yes&quot;,&quot;masonry_enable&quot;:&quot;no&quot;,&quot;view_type&quot;:&quot;tiles&quot;}'\n  id=\"post-grid-2377\" class=\"post-grid tiles\">\n  <div class=\"grid-items\">\n  <div class=\"item item-3014 skin flat even 0 \">\n    <div class=\"layer-wrapper layout-2058\">\n    <a class=\" element_1711021230574\"\n  id=\"\" href=\"https:\/\/rgb.cat\/es\/booking\/raydibaum\/\">\n\n\n  <div class=\"element element_1711021243172  thumb \">\n    <img decoding=\"async\" alt=\"\" src=\"https:\/\/rgb.cat\/wp-content\/uploads\/2025\/01\/card_santi2025.png\">\n  \n\n<\/div>\n<div class=\"element element_1711021248405  title \">\n    <a target=\"_blank\"\n    href=\"https:\/\/rgb.cat\/es\/booking\/raydibaum\/\">Raydibaum<\/a>\n\n  \n\n<\/div>\n<\/a>\n  <\/div>\n<\/div><div class=\"item item-2978 skin flat odd 1 \">\n    <div class=\"layer-wrapper layout-2058\">\n    <a class=\" element_1711021230574\"\n  id=\"\" href=\"https:\/\/rgb.cat\/es\/booking\/gnaposs\/\">\n\n\n  <div class=\"element element_1711021243172  thumb \">\n    <img decoding=\"async\" alt=\"\" src=\"https:\/\/rgb.cat\/wp-content\/uploads\/2024\/03\/GNAPOSScard.png\">\n  \n\n<\/div>\n<div class=\"element element_1711021248405  title \">\n    <a target=\"_blank\"\n    href=\"https:\/\/rgb.cat\/es\/booking\/gnaposs\/\">Gnaposs<\/a>\n\n  \n\n<\/div>\n<\/a>\n  <\/div>\n<\/div><div class=\"item item-2981 skin flat even 2 \">\n    <div class=\"layer-wrapper layout-2058\">\n    <a class=\" element_1711021230574\"\n  id=\"\" href=\"https:\/\/rgb.cat\/es\/booking\/ivette-nadal\/\">\n\n\n  <div class=\"element element_1711021243172  thumb \">\n    <img decoding=\"async\" alt=\"\" src=\"https:\/\/rgb.cat\/wp-content\/uploads\/2024\/03\/ivettenadal_card.png\">\n  \n\n<\/div>\n<div class=\"element element_1711021248405  title \">\n    <a target=\"_blank\"\n    href=\"https:\/\/rgb.cat\/es\/booking\/ivette-nadal\/\">Ivette Nadal<\/a>\n\n  \n\n<\/div>\n<\/a>\n  <\/div>\n<\/div><div class=\"item item-2984 skin flat odd 3 \">\n    <div class=\"layer-wrapper layout-2058\">\n    <a class=\" element_1711021230574\"\n  id=\"\" href=\"https:\/\/rgb.cat\/es\/booking\/joan-pau\/\">\n\n\n  <div class=\"element element_1711021243172  thumb \">\n    <img decoding=\"async\" alt=\"\" src=\"https:\/\/rgb.cat\/wp-content\/uploads\/2024\/03\/joan-pau-card.jpg\">\n  \n\n<\/div>\n<div class=\"element element_1711021248405  title \">\n    <a target=\"_blank\"\n    href=\"https:\/\/rgb.cat\/es\/booking\/joan-pau\/\">Joan-Pau<\/a>\n\n  \n\n<\/div>\n<\/a>\n  <\/div>\n<\/div><div class=\"item item-2993 skin flat even 4 \">\n    <div class=\"layer-wrapper layout-2058\">\n    <a class=\" element_1711021230574\"\n  id=\"\" href=\"https:\/\/rgb.cat\/es\/booking\/natxo-tarres-the-wireless\/\">\n\n\n  <div class=\"element element_1711021243172  thumb \">\n    <img decoding=\"async\" alt=\"\" src=\"https:\/\/rgb.cat\/wp-content\/uploads\/2024\/03\/NTWcard.jpg\">\n  \n\n<\/div>\n<div class=\"element element_1711021248405  title \">\n    <a target=\"_blank\"\n    href=\"https:\/\/rgb.cat\/es\/booking\/natxo-tarres-the-wireless\/\">Natxo Tarr\u00e9s &amp; The Wireless<\/a>\n\n  \n\n<\/div>\n<\/a>\n  <\/div>\n<\/div><div class=\"item item-3011 skin flat odd 5 \">\n    <div class=\"layer-wrapper layout-2058\">\n    <a class=\" element_1711021230574\"\n  id=\"\" href=\"https:\/\/rgb.cat\/es\/booking\/pemi-rovirosa\/\">\n\n\n  <div class=\"element element_1711021243172  thumb \">\n    <img decoding=\"async\" alt=\"\" src=\"https:\/\/rgb.cat\/wp-content\/uploads\/2024\/03\/premirovirosa-banda-card.jpg\">\n  \n\n<\/div>\n<div class=\"element element_1711021248405  title \">\n    <a target=\"_blank\"\n    href=\"https:\/\/rgb.cat\/es\/booking\/pemi-rovirosa\/\">Pemi Rovirosa<\/a>\n\n  \n\n<\/div>\n<\/a>\n  <\/div>\n<\/div><div class=\"item item-2684 skin flat even 6 \">\n    <div class=\"layer-wrapper layout-2058\">\n    <a class=\" element_1711021230574\"\n  id=\"\" href=\"https:\/\/rgb.cat\/es\/booking\/coloma-bertran\/\">\n\n\n  <div class=\"element element_1711021243172  thumb \">\n    <img decoding=\"async\" alt=\"\" src=\"https:\/\/rgb.cat\/wp-content\/uploads\/2024\/03\/ColomaBertran_card23.png\">\n  \n\n<\/div>\n<div class=\"element element_1711021248405  title \">\n    <a target=\"_blank\"\n    href=\"https:\/\/rgb.cat\/es\/booking\/coloma-bertran\/\">Coloma Bertran<\/a>\n\n  \n\n<\/div>\n<\/a>\n  <\/div>\n<\/div><div class=\"item item-3008 skin flat odd 7 \">\n    <div class=\"layer-wrapper layout-2058\">\n    <a class=\" element_1711021230574\"\n  id=\"\" href=\"https:\/\/rgb.cat\/es\/booking\/pau-alabajos\/\">\n\n\n  <div class=\"element element_1711021243172  thumb \">\n    <img decoding=\"async\" alt=\"\" src=\"https:\/\/rgb.cat\/wp-content\/uploads\/2024\/03\/Pau_Alabajos_card_2023_v1.png\">\n  \n\n<\/div>\n<div class=\"element element_1711021248405  title \">\n    <a target=\"_blank\"\n    href=\"https:\/\/rgb.cat\/es\/booking\/pau-alabajos\/\">Pau Alabajos<\/a>\n\n  \n\n<\/div>\n<\/a>\n  <\/div>\n<\/div><div class=\"item item-2987 skin flat even 8 \">\n    <div class=\"layer-wrapper layout-2058\">\n    <a class=\" element_1711021230574\"\n  id=\"\" href=\"https:\/\/rgb.cat\/es\/booking\/juriol\/\">\n\n\n  <div class=\"element element_1711021243172  thumb \">\n    <img decoding=\"async\" alt=\"\" src=\"https:\/\/rgb.cat\/wp-content\/uploads\/2024\/03\/juriol_card.png\">\n  \n\n<\/div>\n<div class=\"element element_1711021248405  title \">\n    <a target=\"_blank\"\n    href=\"https:\/\/rgb.cat\/es\/booking\/juriol\/\">Juriol<\/a>\n\n  \n\n<\/div>\n<\/a>\n  <\/div>\n<\/div><div class=\"item item-2996 skin flat odd 9 \">\n    <div class=\"layer-wrapper layout-2058\">\n    <a class=\" element_1711021230574\"\n  id=\"\" href=\"https:\/\/rgb.cat\/es\/booking\/neus-mar\/\">\n\n\n  <div class=\"element element_1711021243172  thumb \">\n    <img decoding=\"async\" alt=\"\" src=\"https:\/\/rgb.cat\/wp-content\/uploads\/2024\/03\/LLACHcard.jpg\">\n  \n\n<\/div>\n<div class=\"element element_1711021248405  title \">\n    <a target=\"_blank\"\n    href=\"https:\/\/rgb.cat\/es\/booking\/neus-mar\/\">Neus Mar<\/a>\n\n  \n\n<\/div>\n<\/a>\n  <\/div>\n<\/div><\/div>\n<style type=\"text\/css\">\n.layout-2058 .element_1711021243172 {\n  overflow: hidden;\n  }\n\n.layout-2058 .element_1711021243172 img {\n  max-width: 100%;\n  height: auto;\n}\n\n@media only screen and (min-width: 1024px) {\n  .layout-2058 .element_1711021243172 {\n      }\n}\n\n@media only screen and (min-width: 768px) and (max-width: 1023px) {\n  .layout-2058 .element_1711021243172 {\n      }\n}\n\n@media only screen and (min-width: 0px) and (max-width: 767px) {\n  .layout-2058 .element_1711021243172 {\n      }\n}\n<\/style>\n<style type=\"text\/css\">\n.layout-2058 .element_1711021248405 {\n  color: #ffffff;\n  font-size: 24px;\n  text-align: center;\n  }\n\n.layout-2058 .element_1711021248405 a {\n  color: #ffffff;\n  font-size: 24px;\n  text-align: center;\n  }\n<\/style>\n\n\n\n\n<script>\n<\/script>\n<style type=\"text\/css\">\n#post-grid-2377 {\n  overflow: hidden;\n  box-sizing: border-box;\n  }\n\n.post-grid .layer-wrapper {\n  position: relative;\n  overflow: hidden;\n}\n\n.post-grid .layer-wrapper:before {\n  padding-top: 100% !important;\n  content: \"\";\n  box-sizing: inherit;\n  display: block;\n  overflow: hidden;\n}\n\n.layer-media {\n  overflow: hidden;\n  position: absolute;\n  top: 0;\n  left: 0;\n  width: 100% !important;\n  height: 100% !important;\n}\n\n.element-media,\n.thumb,\n.thumb_link {\n  width: 100% !important;\n  height: 100% !important;\n}\n\n.post-grid .layer-wrapper img {\n  width: 100% !important;\n  height: 100% !important;\n  object-fit: cover;\n}\n\n#post-grid-2377 .grid-items {\n  box-sizing: border-box;\n  display: flex;\n  flex-wrap: wrap;\n}\n\n#post-grid-2377 .item {\n  padding: 20px;\n}\n\n#post-grid-2377 .layer-wrapper {\n  background: #fff;\n  }\n\n#post-grid-2377 .item .layer-media {\n  overflow: hidden;\n\n  height:auto;}\n\n@media only screen and (min-width: 0px) and (max-width: 767px) {\n  #post-grid-2377 .item {\n    width: calc((100% - 0px) \/ 1);\n    flex: 0 0 100%;\n    max-width: 100%;\n\n    height:auto;  }\n}\n\n@media only screen and (min-width: 768px) and (max-width: 1023px) {\n  #post-grid-2377 .item {\n    width: calc((100% - 20px) \/ 2);\n    flex: 0 0 50%;\n    max-width: 50%;\n\n    max-height:auto;  }\n}\n\n@media only screen and (min-width: 1024px) {\n  #post-grid-2377 .item {\n    width: calc((100% - 60px) \/ 4);\n    flex: 0 0 25%;\n    max-width: 25%;\n\n    height:auto;  }\n}\n<\/style>\n<\/div>\n\n<p>[\/et_pb_text][\/et_pb_column][\/et_pb_row][\/et_pb_section]<\/p>\n","protected":false},"excerpt":{"rendered":"<p>Neus Mar&#8221;DONES DE SAL&#8221; La m\u00fasica mediterr\u00e0nia i la dansa contempor\u00e0nia protagonitzen Dones de Sal, un espectacle emocionant que neix per donar visibilitat a les dones del m\u00f3n del mar. [&hellip;]<\/p>\n","protected":false},"author":1,"featured_media":2301,"parent":2666,"menu_order":2,"comment_status":"closed","ping_status":"closed","template":"","meta":{"pgc_meta":"","_et_pb_use_builder":"on","_et_pb_old_content":"","_et_gb_content_width":"","footnotes":""},"categories":[5,225],"tags":[],"class_list":["post-2978","page","type-page","status-publish","has-post-thumbnail","hentry","category-artista","category-artistas-booking"],"pgc_meta":"","yoast_head":"<!-- This site is optimized with the Yoast SEO plugin v25.3.1 - https:\/\/yoast.com\/wordpress\/plugins\/seo\/ -->\n<title>Gnaposs - RGB<\/title>\n<meta name=\"robots\" content=\"index, follow, max-snippet:-1, max-image-preview:large, max-video-preview:-1\" \/>\n<link rel=\"canonical\" href=\"https:\/\/rgb.cat\/booking\/gnaposs\/\" \/>\n<meta property=\"og:locale\" content=\"es_ES\" \/>\n<meta property=\"og:type\" content=\"article\" \/>\n<meta property=\"og:title\" content=\"Gnaposs - RGB\" \/>\n<meta property=\"og:description\" content=\"Neus Mar&quot;DONES DE SAL&quot; La m\u00fasica mediterr\u00e0nia i la dansa contempor\u00e0nia protagonitzen Dones de Sal, un espectacle emocionant que neix per donar visibilitat a les dones del m\u00f3n del mar. [&hellip;]\" \/>\n<meta property=\"og:url\" content=\"https:\/\/rgb.cat\/booking\/gnaposs\/\" \/>\n<meta property=\"og:site_name\" content=\"RGB\" \/>\n<meta property=\"article:modified_time\" content=\"2024-04-10T09:00:51+00:00\" \/>\n<meta property=\"og:image\" content=\"https:\/\/rgb.cat\/wp-content\/uploads\/2024\/03\/GNAPOSScard.png\" \/>\n\t<meta property=\"og:image:width\" content=\"270\" \/>\n\t<meta property=\"og:image:height\" content=\"270\" \/>\n\t<meta property=\"og:image:type\" content=\"image\/png\" \/>\n<meta name=\"twitter:card\" content=\"summary_large_image\" \/>\n<meta name=\"twitter:label1\" content=\"Est. reading time\" \/>\n\t<meta name=\"twitter:data1\" content=\"4 minutes\" \/>\n<script type=\"application\/ld+json\" class=\"yoast-schema-graph\">{\"@context\":\"https:\/\/schema.org\",\"@graph\":[{\"@type\":\"WebPage\",\"@id\":\"https:\/\/rgb.cat\/booking\/gnaposs\/\",\"url\":\"https:\/\/rgb.cat\/booking\/gnaposs\/\",\"name\":\"Gnaposs - RGB\",\"isPartOf\":{\"@id\":\"https:\/\/rgb.cat\/#website\"},\"primaryImageOfPage\":{\"@id\":\"https:\/\/rgb.cat\/booking\/gnaposs\/#primaryimage\"},\"image\":{\"@id\":\"https:\/\/rgb.cat\/booking\/gnaposs\/#primaryimage\"},\"thumbnailUrl\":\"https:\/\/rgb.cat\/wp-content\/uploads\/2024\/03\/GNAPOSScard.png\",\"datePublished\":\"2024-03-28T11:43:30+00:00\",\"dateModified\":\"2024-04-10T09:00:51+00:00\",\"breadcrumb\":{\"@id\":\"https:\/\/rgb.cat\/booking\/gnaposs\/#breadcrumb\"},\"inLanguage\":\"es-ES\",\"potentialAction\":[{\"@type\":\"ReadAction\",\"target\":[\"https:\/\/rgb.cat\/booking\/gnaposs\/\"]}]},{\"@type\":\"ImageObject\",\"inLanguage\":\"es-ES\",\"@id\":\"https:\/\/rgb.cat\/booking\/gnaposs\/#primaryimage\",\"url\":\"https:\/\/rgb.cat\/wp-content\/uploads\/2024\/03\/GNAPOSScard.png\",\"contentUrl\":\"https:\/\/rgb.cat\/wp-content\/uploads\/2024\/03\/GNAPOSScard.png\",\"width\":270,\"height\":270},{\"@type\":\"BreadcrumbList\",\"@id\":\"https:\/\/rgb.cat\/booking\/gnaposs\/#breadcrumb\",\"itemListElement\":[{\"@type\":\"ListItem\",\"position\":1,\"name\":\"Inici\",\"item\":\"https:\/\/rgb.cat\/es\/\"},{\"@type\":\"ListItem\",\"position\":2,\"name\":\"Booking\",\"item\":\"https:\/\/rgb.cat\/es\/booking\/\"},{\"@type\":\"ListItem\",\"position\":3,\"name\":\"Gnaposs\"}]},{\"@type\":\"WebSite\",\"@id\":\"https:\/\/rgb.cat\/#website\",\"url\":\"https:\/\/rgb.cat\/\",\"name\":\"RGB\",\"description\":\"RGB M\u00fasic, S.L.\",\"potentialAction\":[{\"@type\":\"SearchAction\",\"target\":{\"@type\":\"EntryPoint\",\"urlTemplate\":\"https:\/\/rgb.cat\/?s={search_term_string}\"},\"query-input\":{\"@type\":\"PropertyValueSpecification\",\"valueRequired\":true,\"valueName\":\"search_term_string\"}}],\"inLanguage\":\"es-ES\"}]}<\/script>\n<!-- \/ Yoast SEO plugin. -->","yoast_head_json":{"title":"Gnaposs - RGB","robots":{"index":"index","follow":"follow","max-snippet":"max-snippet:-1","max-image-preview":"max-image-preview:large","max-video-preview":"max-video-preview:-1"},"canonical":"https:\/\/rgb.cat\/booking\/gnaposs\/","og_locale":"es_ES","og_type":"article","og_title":"Gnaposs - RGB","og_description":"Neus Mar\"DONES DE SAL\" La m\u00fasica mediterr\u00e0nia i la dansa contempor\u00e0nia protagonitzen Dones de Sal, un espectacle emocionant que neix per donar visibilitat a les dones del m\u00f3n del mar. [&hellip;]","og_url":"https:\/\/rgb.cat\/booking\/gnaposs\/","og_site_name":"RGB","article_modified_time":"2024-04-10T09:00:51+00:00","og_image":[{"width":270,"height":270,"url":"https:\/\/rgb.cat\/wp-content\/uploads\/2024\/03\/GNAPOSScard.png","type":"image\/png"}],"twitter_card":"summary_large_image","twitter_misc":{"Est. reading time":"4 minutes"},"schema":{"@context":"https:\/\/schema.org","@graph":[{"@type":"WebPage","@id":"https:\/\/rgb.cat\/booking\/gnaposs\/","url":"https:\/\/rgb.cat\/booking\/gnaposs\/","name":"Gnaposs - RGB","isPartOf":{"@id":"https:\/\/rgb.cat\/#website"},"primaryImageOfPage":{"@id":"https:\/\/rgb.cat\/booking\/gnaposs\/#primaryimage"},"image":{"@id":"https:\/\/rgb.cat\/booking\/gnaposs\/#primaryimage"},"thumbnailUrl":"https:\/\/rgb.cat\/wp-content\/uploads\/2024\/03\/GNAPOSScard.png","datePublished":"2024-03-28T11:43:30+00:00","dateModified":"2024-04-10T09:00:51+00:00","breadcrumb":{"@id":"https:\/\/rgb.cat\/booking\/gnaposs\/#breadcrumb"},"inLanguage":"es-ES","potentialAction":[{"@type":"ReadAction","target":["https:\/\/rgb.cat\/booking\/gnaposs\/"]}]},{"@type":"ImageObject","inLanguage":"es-ES","@id":"https:\/\/rgb.cat\/booking\/gnaposs\/#primaryimage","url":"https:\/\/rgb.cat\/wp-content\/uploads\/2024\/03\/GNAPOSScard.png","contentUrl":"https:\/\/rgb.cat\/wp-content\/uploads\/2024\/03\/GNAPOSScard.png","width":270,"height":270},{"@type":"BreadcrumbList","@id":"https:\/\/rgb.cat\/booking\/gnaposs\/#breadcrumb","itemListElement":[{"@type":"ListItem","position":1,"name":"Inici","item":"https:\/\/rgb.cat\/es\/"},{"@type":"ListItem","position":2,"name":"Booking","item":"https:\/\/rgb.cat\/es\/booking\/"},{"@type":"ListItem","position":3,"name":"Gnaposs"}]},{"@type":"WebSite","@id":"https:\/\/rgb.cat\/#website","url":"https:\/\/rgb.cat\/","name":"RGB","description":"RGB M\u00fasic, S.L.","potentialAction":[{"@type":"SearchAction","target":{"@type":"EntryPoint","urlTemplate":"https:\/\/rgb.cat\/?s={search_term_string}"},"query-input":{"@type":"PropertyValueSpecification","valueRequired":true,"valueName":"search_term_string"}}],"inLanguage":"es-ES"}]}},"_links":{"self":[{"href":"https:\/\/rgb.cat\/es\/wp-json\/wp\/v2\/pages\/2978","targetHints":{"allow":["GET"]}}],"collection":[{"href":"https:\/\/rgb.cat\/es\/wp-json\/wp\/v2\/pages"}],"about":[{"href":"https:\/\/rgb.cat\/es\/wp-json\/wp\/v2\/types\/page"}],"author":[{"embeddable":true,"href":"https:\/\/rgb.cat\/es\/wp-json\/wp\/v2\/users\/1"}],"replies":[{"embeddable":true,"href":"https:\/\/rgb.cat\/es\/wp-json\/wp\/v2\/comments?post=2978"}],"version-history":[{"count":4,"href":"https:\/\/rgb.cat\/es\/wp-json\/wp\/v2\/pages\/2978\/revisions"}],"predecessor-version":[{"id":3193,"href":"https:\/\/rgb.cat\/es\/wp-json\/wp\/v2\/pages\/2978\/revisions\/3193"}],"up":[{"embeddable":true,"href":"https:\/\/rgb.cat\/es\/wp-json\/wp\/v2\/pages\/2666"}],"wp:featuredmedia":[{"embeddable":true,"href":"https:\/\/rgb.cat\/es\/wp-json\/wp\/v2\/media\/2301"}],"wp:attachment":[{"href":"https:\/\/rgb.cat\/es\/wp-json\/wp\/v2\/media?parent=2978"}],"wp:term":[{"taxonomy":"category","embeddable":true,"href":"https:\/\/rgb.cat\/es\/wp-json\/wp\/v2\/categories?post=2978"},{"taxonomy":"post_tag","embeddable":true,"href":"https:\/\/rgb.cat\/es\/wp-json\/wp\/v2\/tags?post=2978"}],"curies":[{"name":"wp","href":"https:\/\/api.w.org\/{rel}","templated":true}]}}