{"id":4088,"date":"2024-06-18T11:40:47","date_gmt":"2024-06-18T09:40:47","guid":{"rendered":"https:\/\/rgb.cat\/produccions\/girona-a-cappella-2\/"},"modified":"2025-06-04T10:35:59","modified_gmt":"2025-06-04T08:35:59","slug":"enderrock-2","status":"publish","type":"page","link":"https:\/\/rgb.cat\/es\/produccions\/enderrock-2\/","title":{"rendered":"Premis Enderrrock"},"content":{"rendered":"<p>[et_pb_section fb_built=&#8221;1&#8243; _builder_version=&#8221;4.24.2&#8243; _module_preset=&#8221;default&#8221; global_colors_info=&#8221;{}&#8221;][et_pb_row _builder_version=&#8221;4.24.2&#8243; _module_preset=&#8221;default&#8221; global_colors_info=&#8221;{}&#8221;][et_pb_column type=&#8221;4_4&#8243; _builder_version=&#8221;4.24.2&#8243; _module_preset=&#8221;default&#8221; global_colors_info=&#8221;{}&#8221;][et_pb_text _builder_version=&#8221;4.24.2&#8243; _module_preset=&#8221;default&#8221; global_colors_info=&#8221;{}&#8221;]<\/p>\n<h1>Premis Enderrock<\/h1>\n<p>[\/et_pb_text][\/et_pb_column][\/et_pb_row][\/et_pb_section][et_pb_section fb_built=&#8221;1&#8243; fullwidth=&#8221;on&#8221; _builder_version=&#8221;4.24.2&#8243; _module_preset=&#8221;default&#8221; global_colors_info=&#8221;{}&#8221;][et_pb_fullwidth_image src=&#8221;https:\/\/rgb.cat\/wp-content\/uploads\/2025\/06\/Banner_premisEDR_2025.png&#8221; title_text=&#8221;Banner_premisEDR_2025&#8243; _builder_version=&#8221;4.25.1&#8243; _module_preset=&#8221;default&#8221; hover_enabled=&#8221;0&#8243; global_colors_info=&#8221;{}&#8221; sticky_enabled=&#8221;0&#8243;][\/et_pb_fullwidth_image][\/et_pb_section][et_pb_section fb_built=&#8221;1&#8243; _builder_version=&#8221;4.24.2&#8243; _module_preset=&#8221;default&#8221; min_height=&#8221;414.8px&#8221; custom_padding=&#8221;||21px|||&#8221; global_colors_info=&#8221;{}&#8221;][et_pb_row column_structure=&#8221;3_5,2_5&#8243; _builder_version=&#8221;4.24.2&#8243; _module_preset=&#8221;default&#8221; global_colors_info=&#8221;{}&#8221;][et_pb_column type=&#8221;3_5&#8243; _builder_version=&#8221;4.24.2&#8243; _module_preset=&#8221;default&#8221; global_colors_info=&#8221;{}&#8221;][et_pb_text _builder_version=&#8221;4.25.1&#8243; _module_preset=&#8221;default&#8221; global_colors_info=&#8221;{}&#8221;]<\/p>\n<p><span><strong>Premis Enderrock<\/strong><br \/>Els Premis Enderrock van ser creats el 1994. Inicialment consistien en una votaci\u00f3 popular, i a partir del 1996 s&#8217;hi va incorporar una categoria amb l&#8217;opini\u00f3 de la cr\u00edtica.<br \/>La festa dels Premis Enderrock es va celebrar per primera vegada l\u2019any 1999, amb la voluntat de crear una gala que reun\u00eds tant el p\u00fablic com el sector musical. Les primeres edicions es van celebrar a la sala Bikini de Barcelona, fins que el 2011 la gala es va traslladar a la sala Art\u00e8ria Paral\u00b7lel (actual sala Barts) i el 2012 a l\u2019Apolo. Des del 2013 que Girona acull la festa, durant quatre anys seguits al Teatre Municipal i a partir del 2017 a l\u2019Auditori de la ciutat.<br \/>Refer\u00e8ncia cr\u00edtica i de popularitat dels discos i artistes de l\u2019escena musical catalana, els Premis Enderrock s\u2019han convertit en la trobada anual de la ind\u00fastria i la premsa musicals.<\/span><\/p>\n<p><span>Us convidem a gaudir-ne.<\/span><\/p>\n<p>[\/et_pb_text][\/et_pb_column][et_pb_column type=&#8221;2_5&#8243; _builder_version=&#8221;4.24.2&#8243; _module_preset=&#8221;default&#8221; global_colors_info=&#8221;{}&#8221;][et_pb_text _builder_version=&#8221;4.25.1&#8243; _module_preset=&#8221;default&#8221; global_colors_info=&#8221;{}&#8221;]<\/p>\n<h2><a href=\"https:\/\/www.enderrock.cat\/\" target=\"_blank\" rel=\"noopener noreferrer\">enderrock.cat<\/a><\/h2>\n<p>[\/et_pb_text][et_pb_social_media_follow _builder_version=&#8221;4.25.1&#8243; _module_preset=&#8221;default&#8221; global_colors_info=&#8221;{}&#8221;][et_pb_social_media_follow_network social_network=&#8221;instagram&#8221; url=&#8221;https:\/\/www.instagram.com\/grupenderrock\/&#8221; _builder_version=&#8221;4.25.1&#8243; _module_preset=&#8221;default&#8221; background_color=&#8221;#ea2c59&#8243; global_colors_info=&#8221;{}&#8221; follow_button=&#8221;off&#8221; url_new_window=&#8221;on&#8221;]instagram[\/et_pb_social_media_follow_network][et_pb_social_media_follow_network social_network=&#8221;facebook&#8221; url=&#8221;https:\/\/www.facebook.com\/GrupEnderrock&#8221; _builder_version=&#8221;4.25.1&#8243; _module_preset=&#8221;default&#8221; background_color=&#8221;#3b5998&#8243; global_colors_info=&#8221;{}&#8221; follow_button=&#8221;off&#8221; url_new_window=&#8221;on&#8221;]facebook[\/et_pb_social_media_follow_network][et_pb_social_media_follow_network social_network=&#8221;twitter&#8221; url=&#8221;https:\/\/twitter.com\/enderrock&#8221; _builder_version=&#8221;4.25.1&#8243; _module_preset=&#8221;default&#8221; background_color=&#8221;#000000&#8243; global_colors_info=&#8221;{}&#8221; follow_button=&#8221;off&#8221; url_new_window=&#8221;on&#8221;]twitter[\/et_pb_social_media_follow_network][\/et_pb_social_media_follow][\/et_pb_column][\/et_pb_row][\/et_pb_section][et_pb_section fb_built=&#8221;1&#8243; module_class=&#8221;franja-artistes-destacats&#8221; _builder_version=&#8221;4.24.3&#8243; _module_preset=&#8221;default&#8221; background_color=&#8221;#E09900&#8243; global_module=&#8221;2545&#8243; global_colors_info=&#8221;{}&#8221;][\/et_pb_section]<\/p>\n","protected":false},"excerpt":{"rendered":"<p>Premis EnderrockPremis EnderrockEls Premis Enderrock van ser creats el 1994. Inicialment consistien en una votaci\u00f3 popular, i a partir del 1996 s&#8217;hi va incorporar una categoria amb l&#8217;opini\u00f3 de la [&hellip;]<\/p>\n","protected":false},"author":6,"featured_media":6087,"parent":2540,"menu_order":2,"comment_status":"closed","ping_status":"closed","template":"","meta":{"pgc_meta":"","_et_pb_use_builder":"on","_et_pb_old_content":"","_et_gb_content_width":"","footnotes":""},"categories":[189],"tags":[],"class_list":["post-4088","page","type-page","status-publish","has-post-thumbnail","hentry","category-produccions"],"pgc_meta":"","yoast_head":"<!-- This site is optimized with the Yoast SEO plugin v25.3.1 - https:\/\/yoast.com\/wordpress\/plugins\/seo\/ -->\n<title>Premis Enderrrock - RGB<\/title>\n<meta name=\"robots\" content=\"index, follow, max-snippet:-1, max-image-preview:large, max-video-preview:-1\" \/>\n<link rel=\"canonical\" href=\"https:\/\/rgb.cat\/produccions\/enderrock-2\/\" \/>\n<meta property=\"og:locale\" content=\"es_ES\" \/>\n<meta property=\"og:type\" content=\"article\" \/>\n<meta property=\"og:title\" content=\"Premis Enderrrock - RGB\" \/>\n<meta property=\"og:description\" content=\"Premis EnderrockPremis EnderrockEls Premis Enderrock van ser creats el 1994. Inicialment consistien en una votaci\u00f3 popular, i a partir del 1996 s&#039;hi va incorporar una categoria amb l&#039;opini\u00f3 de la [&hellip;]\" \/>\n<meta property=\"og:url\" content=\"https:\/\/rgb.cat\/produccions\/enderrock-2\/\" \/>\n<meta property=\"og:site_name\" content=\"RGB\" \/>\n<meta property=\"article:modified_time\" content=\"2025-06-04T08:35:59+00:00\" \/>\n<meta property=\"og:image\" content=\"https:\/\/rgb.cat\/wp-content\/uploads\/2025\/06\/card_premisedr_2025.png\" \/>\n\t<meta property=\"og:image:width\" content=\"270\" \/>\n\t<meta property=\"og:image:height\" content=\"270\" \/>\n\t<meta property=\"og:image:type\" content=\"image\/png\" \/>\n<meta name=\"twitter:card\" content=\"summary_large_image\" \/>\n<meta name=\"twitter:label1\" content=\"Est. reading time\" \/>\n\t<meta name=\"twitter:data1\" content=\"3 minutes\" \/>\n<script type=\"application\/ld+json\" class=\"yoast-schema-graph\">{\"@context\":\"https:\/\/schema.org\",\"@graph\":[{\"@type\":\"WebPage\",\"@id\":\"https:\/\/rgb.cat\/produccions\/enderrock-2\/\",\"url\":\"https:\/\/rgb.cat\/produccions\/enderrock-2\/\",\"name\":\"Premis Enderrrock - RGB\",\"isPartOf\":{\"@id\":\"https:\/\/rgb.cat\/#website\"},\"primaryImageOfPage\":{\"@id\":\"https:\/\/rgb.cat\/produccions\/enderrock-2\/#primaryimage\"},\"image\":{\"@id\":\"https:\/\/rgb.cat\/produccions\/enderrock-2\/#primaryimage\"},\"thumbnailUrl\":\"https:\/\/rgb.cat\/wp-content\/uploads\/2025\/06\/card_premisedr_2025.png\",\"datePublished\":\"2024-06-18T09:40:47+00:00\",\"dateModified\":\"2025-06-04T08:35:59+00:00\",\"breadcrumb\":{\"@id\":\"https:\/\/rgb.cat\/produccions\/enderrock-2\/#breadcrumb\"},\"inLanguage\":\"es-ES\",\"potentialAction\":[{\"@type\":\"ReadAction\",\"target\":[\"https:\/\/rgb.cat\/produccions\/enderrock-2\/\"]}]},{\"@type\":\"ImageObject\",\"inLanguage\":\"es-ES\",\"@id\":\"https:\/\/rgb.cat\/produccions\/enderrock-2\/#primaryimage\",\"url\":\"https:\/\/rgb.cat\/wp-content\/uploads\/2025\/06\/card_premisedr_2025.png\",\"contentUrl\":\"https:\/\/rgb.cat\/wp-content\/uploads\/2025\/06\/card_premisedr_2025.png\",\"width\":270,\"height\":270},{\"@type\":\"BreadcrumbList\",\"@id\":\"https:\/\/rgb.cat\/produccions\/enderrock-2\/#breadcrumb\",\"itemListElement\":[{\"@type\":\"ListItem\",\"position\":1,\"name\":\"Inici\",\"item\":\"https:\/\/rgb.cat\/es\/\"},{\"@type\":\"ListItem\",\"position\":2,\"name\":\"Produccions\",\"item\":\"https:\/\/rgb.cat\/produccions\/\"},{\"@type\":\"ListItem\",\"position\":3,\"name\":\"Premis Enderrrock\"}]},{\"@type\":\"WebSite\",\"@id\":\"https:\/\/rgb.cat\/#website\",\"url\":\"https:\/\/rgb.cat\/\",\"name\":\"RGB\",\"description\":\"RGB M\u00fasic, S.L.\",\"potentialAction\":[{\"@type\":\"SearchAction\",\"target\":{\"@type\":\"EntryPoint\",\"urlTemplate\":\"https:\/\/rgb.cat\/?s={search_term_string}\"},\"query-input\":{\"@type\":\"PropertyValueSpecification\",\"valueRequired\":true,\"valueName\":\"search_term_string\"}}],\"inLanguage\":\"es-ES\"}]}<\/script>\n<!-- \/ Yoast SEO plugin. -->","yoast_head_json":{"title":"Premis Enderrrock - RGB","robots":{"index":"index","follow":"follow","max-snippet":"max-snippet:-1","max-image-preview":"max-image-preview:large","max-video-preview":"max-video-preview:-1"},"canonical":"https:\/\/rgb.cat\/produccions\/enderrock-2\/","og_locale":"es_ES","og_type":"article","og_title":"Premis Enderrrock - RGB","og_description":"Premis EnderrockPremis EnderrockEls Premis Enderrock van ser creats el 1994. Inicialment consistien en una votaci\u00f3 popular, i a partir del 1996 s'hi va incorporar una categoria amb l'opini\u00f3 de la [&hellip;]","og_url":"https:\/\/rgb.cat\/produccions\/enderrock-2\/","og_site_name":"RGB","article_modified_time":"2025-06-04T08:35:59+00:00","og_image":[{"width":270,"height":270,"url":"https:\/\/rgb.cat\/wp-content\/uploads\/2025\/06\/card_premisedr_2025.png","type":"image\/png"}],"twitter_card":"summary_large_image","twitter_misc":{"Est. reading time":"3 minutes"},"schema":{"@context":"https:\/\/schema.org","@graph":[{"@type":"WebPage","@id":"https:\/\/rgb.cat\/produccions\/enderrock-2\/","url":"https:\/\/rgb.cat\/produccions\/enderrock-2\/","name":"Premis Enderrrock - RGB","isPartOf":{"@id":"https:\/\/rgb.cat\/#website"},"primaryImageOfPage":{"@id":"https:\/\/rgb.cat\/produccions\/enderrock-2\/#primaryimage"},"image":{"@id":"https:\/\/rgb.cat\/produccions\/enderrock-2\/#primaryimage"},"thumbnailUrl":"https:\/\/rgb.cat\/wp-content\/uploads\/2025\/06\/card_premisedr_2025.png","datePublished":"2024-06-18T09:40:47+00:00","dateModified":"2025-06-04T08:35:59+00:00","breadcrumb":{"@id":"https:\/\/rgb.cat\/produccions\/enderrock-2\/#breadcrumb"},"inLanguage":"es-ES","potentialAction":[{"@type":"ReadAction","target":["https:\/\/rgb.cat\/produccions\/enderrock-2\/"]}]},{"@type":"ImageObject","inLanguage":"es-ES","@id":"https:\/\/rgb.cat\/produccions\/enderrock-2\/#primaryimage","url":"https:\/\/rgb.cat\/wp-content\/uploads\/2025\/06\/card_premisedr_2025.png","contentUrl":"https:\/\/rgb.cat\/wp-content\/uploads\/2025\/06\/card_premisedr_2025.png","width":270,"height":270},{"@type":"BreadcrumbList","@id":"https:\/\/rgb.cat\/produccions\/enderrock-2\/#breadcrumb","itemListElement":[{"@type":"ListItem","position":1,"name":"Inici","item":"https:\/\/rgb.cat\/es\/"},{"@type":"ListItem","position":2,"name":"Produccions","item":"https:\/\/rgb.cat\/produccions\/"},{"@type":"ListItem","position":3,"name":"Premis Enderrrock"}]},{"@type":"WebSite","@id":"https:\/\/rgb.cat\/#website","url":"https:\/\/rgb.cat\/","name":"RGB","description":"RGB M\u00fasic, S.L.","potentialAction":[{"@type":"SearchAction","target":{"@type":"EntryPoint","urlTemplate":"https:\/\/rgb.cat\/?s={search_term_string}"},"query-input":{"@type":"PropertyValueSpecification","valueRequired":true,"valueName":"search_term_string"}}],"inLanguage":"es-ES"}]}},"_links":{"self":[{"href":"https:\/\/rgb.cat\/es\/wp-json\/wp\/v2\/pages\/4088","targetHints":{"allow":["GET"]}}],"collection":[{"href":"https:\/\/rgb.cat\/es\/wp-json\/wp\/v2\/pages"}],"about":[{"href":"https:\/\/rgb.cat\/es\/wp-json\/wp\/v2\/types\/page"}],"author":[{"embeddable":true,"href":"https:\/\/rgb.cat\/es\/wp-json\/wp\/v2\/users\/6"}],"replies":[{"embeddable":true,"href":"https:\/\/rgb.cat\/es\/wp-json\/wp\/v2\/comments?post=4088"}],"version-history":[{"count":17,"href":"https:\/\/rgb.cat\/es\/wp-json\/wp\/v2\/pages\/4088\/revisions"}],"predecessor-version":[{"id":6091,"href":"https:\/\/rgb.cat\/es\/wp-json\/wp\/v2\/pages\/4088\/revisions\/6091"}],"up":[{"embeddable":true,"href":"https:\/\/rgb.cat\/es\/wp-json\/wp\/v2\/pages\/2540"}],"wp:featuredmedia":[{"embeddable":true,"href":"https:\/\/rgb.cat\/es\/wp-json\/wp\/v2\/media\/6087"}],"wp:attachment":[{"href":"https:\/\/rgb.cat\/es\/wp-json\/wp\/v2\/media?parent=4088"}],"wp:term":[{"taxonomy":"category","embeddable":true,"href":"https:\/\/rgb.cat\/es\/wp-json\/wp\/v2\/categories?post=4088"},{"taxonomy":"post_tag","embeddable":true,"href":"https:\/\/rgb.cat\/es\/wp-json\/wp\/v2\/tags?post=4088"}],"curies":[{"name":"wp","href":"https:\/\/api.w.org\/{rel}","templated":true}]}}