{"id":982,"date":"2023-11-08T14:56:08","date_gmt":"2023-11-08T12:56:08","guid":{"rendered":"https:\/\/blackmusicfestival.com\/politica-de-cookies\/"},"modified":"2024-04-04T14:46:48","modified_gmt":"2024-04-04T12:46:48","slug":"politica-de-cookies","status":"publish","type":"page","link":"https:\/\/rgb.cat\/es\/politica-de-cookies\/","title":{"rendered":"Pol\u00edtica de cookies"},"content":{"rendered":"<p>[et_pb_section fb_built=&#8221;1&#8243; _builder_version=&#8221;4.16&#8243; global_colors_info=&#8221;{}&#8221;][et_pb_row _builder_version=&#8221;4.16&#8243; background_size=&#8221;initial&#8221; background_position=&#8221;top_left&#8221; background_repeat=&#8221;repeat&#8221; global_colors_info=&#8221;{}&#8221;][et_pb_column type=&#8221;4_4&#8243; _builder_version=&#8221;4.16&#8243; custom_padding=&#8221;|||&#8221; global_colors_info=&#8221;{}&#8221; custom_padding__hover=&#8221;|||&#8221;][et_pb_text _builder_version=&#8221;4.22.2&#8243; background_size=&#8221;initial&#8221; background_position=&#8221;top_left&#8221; background_repeat=&#8221;repeat&#8221; hover_enabled=&#8221;0&#8243; global_colors_info=&#8221;{}&#8221; sticky_enabled=&#8221;0&#8243;]<\/p>\n<h1>Pol\u00edtica de Cookies<\/h1>\n<p>Una Cookie \u00e9s un breu fitxer que s&#8217;envia i s&#8217;emmagatzema en el disc dur de l&#8217;ordinador de l&#8217;usuari a trav\u00e9s del seu navegador quan es connecta a una xarxa. Les Cookies es poden utilitzar per recollir i emmagatzemar dades d&#8217;usuari mentre est\u00e0 connectat per oferir-li els serveis sol\u00b7licitats.<\/p>\n<p>Les Cookies poden ser pr\u00f2pies o de tercers.<\/p>\n<p><strong>Hi ha diversos tipus de Cookies:<\/strong><\/p>\n<ul>\n<li>Cookies t\u00e8cniques: faciliten la navegaci\u00f3 de l&#8217;usuari i l&#8217;\u00fas de les diverses opcions o serveis oferts per la web com identificar la sessi\u00f3, permetre l&#8217;acc\u00e9s a certes \u00e0rees, facilitar les comandes, compres, omplir formularis, registre, seguretat, facilitant funcionalitats (v\u00eddeos, xarxes socials , etc ..).<\/li>\n<li>Cookies de personalitzaci\u00f3: permeten als usuaris accedir a serveis d&#8217;acord a les seves prefer\u00e8ncies (idioma, navegador, configuraci\u00f3, etc ..).<\/li>\n<li>Cookies d\u2019an\u00e0lisi: permeten l&#8217;an\u00e0lisi an\u00f2nim del comportament dels usuaris d&#8217;Internet i permeten mesurar l&#8217;activitat de l&#8217;usuari i desenvolupar perfils de navegaci\u00f3 per tal de millorar els llocs web.<\/li>\n<\/ul>\n<p>&nbsp;<\/p>\n<h3>Cookies utilitzades en aquest lloc web:<\/h3>\n<p>Segons les directrius de la<span>\u00a0<\/span><strong>normativa Europea GDPR<span>\u00a0<\/span><\/strong>o<strong><span>\u00a0<\/span>RGPD<\/strong>\u00a0(Reglament General de Protecci\u00f3 de Dades), detallem l\u2019\u00fas de cookies que fa aquesta web amb la finalitat d\u2019informar-lo de la manera m\u00e9s exacte possible.<\/p>\n<p><strong>Aquest lloc web utilitza les seg\u00fcents galetes pr\u00f2pies:<\/strong><\/p>\n<ul>\n<li>Cookies de sessi\u00f3, per permetre l\u2019acc\u00e9s a certes \u00e0rees, facilitar les comandes, compres, omplir formularis.<\/li>\n<li>Cookies de personalitzaci\u00f3, per permetre la configuraci\u00f3 i prefer\u00e8ncies de navegaci\u00f3 de l\u2019usuari.<\/li>\n<\/ul>\n<p><strong><span>Aquest lloc web utilitza les seg\u00fcents galetes de tercers:<\/span><\/strong><\/p>\n<ul>\n<li>Google Analytics: en el tractament de les Cookies d&#8217;an\u00e0lisi, hem sol\u00b7licitat el seu consentiment per al seu \u00fas. Tot aix\u00f2 \u00e9s per millorar els nostres serveis. Utilitzem Google Analytics per recopilar informaci\u00f3 estad\u00edstica an\u00f2nima, com ara el nombre de visitants al nostre lloc. Cookies afegides per Google Analytics es regeixen per les pol\u00edtiques de privadesa de Google Analytics. Per tant, l\u2019exercici de qualsevol dret en aquest sentit s\u2019haur\u00e0 de fer comunicant-se directament amb Google.<\/li>\n<li>Xarxes socials: cada xarxa social utilitza les seves pr\u00f2pies Cookies perqu\u00e8 vost\u00e8 pugui clicar els botons del tipus M\u2019agrada o Compartir.<\/li>\n<\/ul>\n<p>&nbsp;<\/p>\n<h3>Desactivaci\u00f3 o eliminaci\u00f3 de galetes:<\/h3>\n<p>No obstant aix\u00f2, tingui en compte que pot activar, desactivar o eliminar les cookies seguint les instruccions del seu navegador. \u00a0<\/p>\n<ul>\n<li><a href=\"https:\/\/support.google.com\/chrome\/answer\/95647?hl=es\" target=\"_blank\" rel=\"noopener noreferrer\">Google Chrome<\/a><\/li>\n<li><a href=\"https:\/\/support.mozilla.org\/es\/kb\/habilitar-y-deshabilitar-cookies-sitios-web-rastrear-preferencias?redirectlocale=es&amp;redirectslug=habilitar-y-deshabilitar-cookies-que-los-sitios-we\" target=\"_blank\" rel=\"noopener noreferrer\">Mozilla Firefox<\/a><\/li>\n<li><a href=\"https:\/\/support.microsoft.com\/ca-es\/help\/17442\/windows-internet-explorer-delete-manage-cookies\" target=\"_blank\" rel=\"noopener noreferrer\">Internet Explorer<\/a><\/li>\n<li><a href=\"https:\/\/support.apple.com\/kb\/PH21411?locale=es_US&amp;viewlocale=es_US\" target=\"_blank\" rel=\"noopener noreferrer\">Safari<\/a><\/li>\n<li><a href=\"https:\/\/support.apple.com\/en-us\/HT201265\" target=\"_blank\" rel=\"noopener noreferrer\">Safari para IOS<\/a><span>\u00a0<\/span>(iPhone y iPad)<\/li>\n<li><a href=\"https:\/\/support.google.com\/chrome\/answer\/114662?hl=es&amp;visit_id=1-636638841327085282-3909631529&amp;rd=1&amp;co=GENIE.Platform%3DAndroid&amp;oco=1\" target=\"_blank\" rel=\"noopener noreferrer\">Chrome<span>\u00a0<\/span><\/a>(Android)<\/li>\n<\/ul>\n<p>&nbsp;<\/p>\n<h3>Consentiment:<\/h3>\n<p>A\u00a0<strong>rgb.cat<\/strong><span>\u00a0<\/span>mai guardem les dades personals dels nostres usuaris, a excepci\u00f3 de l&#8217;adre\u00e7a IP d&#8217;acord amb el descrit anteriorment, amb l&#8217;excepci\u00f3 de que es vulgui registrar, de forma volunt\u00e0ria, amb la finalitat de realitzar compres dels productes que posem a la\u00a0seva disposici\u00f3, tenint sempre la possibilitat de modificar o esborrar personalment les seves dades, aix\u00ed com eliminar definitivament el seu compte, entrant directament a<span>\u00a0<\/span><a href=\"https:\/\/rgb.cat\/index.php\/cat\/botiga\/inicia-sessio\">iniciar sessi\u00f3<\/a><span>\u00a0<\/span>del seu compte, seguint la<span>\u00a0<\/span><strong>normativa Europea GDPR\u00a0<\/strong><span>o<\/span><strong>\u00a0RGPD\u00a0<\/strong><span>(Reglament General de Protecci\u00f3 de Dades).\u00a0<\/span><\/p>\n<p>Al navegar i continuar a la nostra web ens indica que est\u00e0 consentint l&#8217;\u00fas de les cookies abans enunciades, i en les condicions contingudes en la present Pol\u00edtica de Cookies.<\/p>\n<p>[\/et_pb_text][\/et_pb_column][\/et_pb_row][\/et_pb_section]<\/p>\n","protected":false},"excerpt":{"rendered":"<p>Pol\u00edtica de Cookies Una Cookie \u00e9s un breu fitxer que s&#8217;envia i s&#8217;emmagatzema en el disc dur de l&#8217;ordinador de l&#8217;usuari a trav\u00e9s del seu navegador quan es connecta a [&hellip;]<\/p>\n","protected":false},"author":1,"featured_media":0,"parent":0,"menu_order":0,"comment_status":"closed","ping_status":"open","template":"","meta":{"pgc_meta":"","_et_pb_use_builder":"on","_et_pb_old_content":"","_et_gb_content_width":"","footnotes":""},"categories":[],"tags":[],"class_list":["post-982","page","type-page","status-publish","hentry"],"pgc_meta":"","yoast_head":"<!-- This site is optimized with the Yoast SEO plugin v25.3.1 - https:\/\/yoast.com\/wordpress\/plugins\/seo\/ -->\n<title>Pol\u00edtica de cookies - RGB<\/title>\n<meta name=\"robots\" content=\"index, follow, max-snippet:-1, max-image-preview:large, max-video-preview:-1\" \/>\n<link rel=\"canonical\" href=\"https:\/\/rgb.cat\/politica-de-cookies\/\" \/>\n<meta property=\"og:locale\" content=\"es_ES\" \/>\n<meta property=\"og:type\" content=\"article\" \/>\n<meta property=\"og:title\" content=\"Pol\u00edtica de cookies - RGB\" \/>\n<meta property=\"og:description\" content=\"Pol\u00edtica de Cookies Una Cookie \u00e9s un breu fitxer que s&#039;envia i s&#039;emmagatzema en el disc dur de l&#039;ordinador de l&#039;usuari a trav\u00e9s del seu navegador quan es connecta a [&hellip;]\" \/>\n<meta property=\"og:url\" content=\"https:\/\/rgb.cat\/politica-de-cookies\/\" \/>\n<meta property=\"og:site_name\" content=\"RGB\" \/>\n<meta property=\"article:modified_time\" content=\"2024-04-04T12:46:48+00:00\" \/>\n<meta name=\"twitter:card\" content=\"summary_large_image\" \/>\n<meta name=\"twitter:label1\" content=\"Est. reading time\" \/>\n\t<meta name=\"twitter:data1\" content=\"3 minutes\" \/>\n<script type=\"application\/ld+json\" class=\"yoast-schema-graph\">{\"@context\":\"https:\/\/schema.org\",\"@graph\":[{\"@type\":\"WebPage\",\"@id\":\"https:\/\/rgb.cat\/politica-de-cookies\/\",\"url\":\"https:\/\/rgb.cat\/politica-de-cookies\/\",\"name\":\"Pol\u00edtica de cookies - RGB\",\"isPartOf\":{\"@id\":\"https:\/\/rgb.cat\/#website\"},\"datePublished\":\"2023-11-08T12:56:08+00:00\",\"dateModified\":\"2024-04-04T12:46:48+00:00\",\"breadcrumb\":{\"@id\":\"https:\/\/rgb.cat\/politica-de-cookies\/#breadcrumb\"},\"inLanguage\":\"es-ES\",\"potentialAction\":[{\"@type\":\"ReadAction\",\"target\":[\"https:\/\/rgb.cat\/politica-de-cookies\/\"]}]},{\"@type\":\"BreadcrumbList\",\"@id\":\"https:\/\/rgb.cat\/politica-de-cookies\/#breadcrumb\",\"itemListElement\":[{\"@type\":\"ListItem\",\"position\":1,\"name\":\"Inici\",\"item\":\"https:\/\/rgb.cat\/es\/\"},{\"@type\":\"ListItem\",\"position\":2,\"name\":\"Pol\u00edtica de cookies\"}]},{\"@type\":\"WebSite\",\"@id\":\"https:\/\/rgb.cat\/#website\",\"url\":\"https:\/\/rgb.cat\/\",\"name\":\"RGB\",\"description\":\"RGB M\u00fasic, S.L.\",\"potentialAction\":[{\"@type\":\"SearchAction\",\"target\":{\"@type\":\"EntryPoint\",\"urlTemplate\":\"https:\/\/rgb.cat\/?s={search_term_string}\"},\"query-input\":{\"@type\":\"PropertyValueSpecification\",\"valueRequired\":true,\"valueName\":\"search_term_string\"}}],\"inLanguage\":\"es-ES\"}]}<\/script>\n<!-- \/ Yoast SEO plugin. -->","yoast_head_json":{"title":"Pol\u00edtica de cookies - RGB","robots":{"index":"index","follow":"follow","max-snippet":"max-snippet:-1","max-image-preview":"max-image-preview:large","max-video-preview":"max-video-preview:-1"},"canonical":"https:\/\/rgb.cat\/politica-de-cookies\/","og_locale":"es_ES","og_type":"article","og_title":"Pol\u00edtica de cookies - RGB","og_description":"Pol\u00edtica de Cookies Una Cookie \u00e9s un breu fitxer que s'envia i s'emmagatzema en el disc dur de l'ordinador de l'usuari a trav\u00e9s del seu navegador quan es connecta a [&hellip;]","og_url":"https:\/\/rgb.cat\/politica-de-cookies\/","og_site_name":"RGB","article_modified_time":"2024-04-04T12:46:48+00:00","twitter_card":"summary_large_image","twitter_misc":{"Est. reading time":"3 minutes"},"schema":{"@context":"https:\/\/schema.org","@graph":[{"@type":"WebPage","@id":"https:\/\/rgb.cat\/politica-de-cookies\/","url":"https:\/\/rgb.cat\/politica-de-cookies\/","name":"Pol\u00edtica de cookies - RGB","isPartOf":{"@id":"https:\/\/rgb.cat\/#website"},"datePublished":"2023-11-08T12:56:08+00:00","dateModified":"2024-04-04T12:46:48+00:00","breadcrumb":{"@id":"https:\/\/rgb.cat\/politica-de-cookies\/#breadcrumb"},"inLanguage":"es-ES","potentialAction":[{"@type":"ReadAction","target":["https:\/\/rgb.cat\/politica-de-cookies\/"]}]},{"@type":"BreadcrumbList","@id":"https:\/\/rgb.cat\/politica-de-cookies\/#breadcrumb","itemListElement":[{"@type":"ListItem","position":1,"name":"Inici","item":"https:\/\/rgb.cat\/es\/"},{"@type":"ListItem","position":2,"name":"Pol\u00edtica de cookies"}]},{"@type":"WebSite","@id":"https:\/\/rgb.cat\/#website","url":"https:\/\/rgb.cat\/","name":"RGB","description":"RGB M\u00fasic, S.L.","potentialAction":[{"@type":"SearchAction","target":{"@type":"EntryPoint","urlTemplate":"https:\/\/rgb.cat\/?s={search_term_string}"},"query-input":{"@type":"PropertyValueSpecification","valueRequired":true,"valueName":"search_term_string"}}],"inLanguage":"es-ES"}]}},"_links":{"self":[{"href":"https:\/\/rgb.cat\/es\/wp-json\/wp\/v2\/pages\/982","targetHints":{"allow":["GET"]}}],"collection":[{"href":"https:\/\/rgb.cat\/es\/wp-json\/wp\/v2\/pages"}],"about":[{"href":"https:\/\/rgb.cat\/es\/wp-json\/wp\/v2\/types\/page"}],"author":[{"embeddable":true,"href":"https:\/\/rgb.cat\/es\/wp-json\/wp\/v2\/users\/1"}],"replies":[{"embeddable":true,"href":"https:\/\/rgb.cat\/es\/wp-json\/wp\/v2\/comments?post=982"}],"version-history":[{"count":7,"href":"https:\/\/rgb.cat\/es\/wp-json\/wp\/v2\/pages\/982\/revisions"}],"predecessor-version":[{"id":2828,"href":"https:\/\/rgb.cat\/es\/wp-json\/wp\/v2\/pages\/982\/revisions\/2828"}],"wp:attachment":[{"href":"https:\/\/rgb.cat\/es\/wp-json\/wp\/v2\/media?parent=982"}],"wp:term":[{"taxonomy":"category","embeddable":true,"href":"https:\/\/rgb.cat\/es\/wp-json\/wp\/v2\/categories?post=982"},{"taxonomy":"post_tag","embeddable":true,"href":"https:\/\/rgb.cat\/es\/wp-json\/wp\/v2\/tags?post=982"}],"curies":[{"name":"wp","href":"https:\/\/api.w.org\/{rel}","templated":true}]}}